{"id":525471,"date":"2021-09-02T10:58:27","date_gmt":"2021-09-02T10:58:27","guid":{"rendered":"https:\/\/live-jameson.pantheonsite.io\/terms-and-condititions\/"},"modified":"2023-06-08T13:40:11","modified_gmt":"2023-06-08T13:40:11","slug":"terms-and-condititions","status":"publish","type":"page","link":"https:\/\/www.jamesonwhiskey.com\/pt-pt\/terms-and-condititions\/","title":{"rendered":"Termos e Condi\u00e7\u00f5es"},"content":{"rendered":"\n<section id=\"block_157318d3131d6ac70467d85e0da02105\" class=\"hero hero-no-image hero-no-image__no-breadcrumb-spacer lazy\" data-assetkey=\"hero-no-image\">\n  <div class=\"hero-no-image__container hero-no-image__container-fullwidth\">\n    <div class=\"hero-no-image__container-content\">\n        <div class=\"subheading \">\n    <div class=\"subheading__line\"><\/div>\n    <h2 class=\"h6\">Legal<\/h2>\n  <\/div>\n\n      <h1 class=\"h1\">Termos e Condi\u00e7\u00f5es<\/h1>\n    <\/div>\n  <\/div>\n<\/section>\n\n\n\n<section id=\"block_e92e2a03b8172fea78ae512077fdc740\"\n         class=\"content-one-column content-one-column--bg-light full-width lazy\n        \n        \n        \" data-assetkey=\"content-one-column\">\n    <div class=\"content-one-column__content\">\n        \n                <div class=\"content-one-column__heading\">\n                            <h2 class=\"h1\"><\/h2>\n                    <\/div>\n\n        \n                                                            <div class=\"content-one-column__text wysiwyg align_center_on_desktop\">\n                    <p>OS SEGUINTES TERMOS E CONDI\u00c7\u00d5ES APLICAM-SE AOS UTILIZADORES, AOS VISITANTES E A TODAS AS PESSOAS QUE T\u00caM ACESSO A www.jamesonwhiskey.com (ESTE \u00abSITE\u00bb). AO UTILIZAR OU VISITAR ESTE SITE, EST\u00c1 A CONCORDAR COM ESTES TERMOS. SE N\u00c3O CONCORDAR, N\u00c3O UTILIZE ESTE SITE. QUALQUER ACESSO A OU UTILIZA\u00c7\u00c3O DESTE SITE \u00c9 DA EXCLUSIVA RESPONSABILIDADE DO UTILIZADOR.<\/p>\n<p>Este site \u00e9 gerido pela Irish Distillers Limited (\u00abIDL\u00bb ou \u00abN\u00f3s\u00bb), uma empresa privada registada na Irlanda sob o n\u00famero 23732 e com sede social em Simmonscourt House, Simmonscourt Road, Ballsbridge, Dublin 4, Irlanda. Contacte info@jamesonwhiskey.com a respeito de quaisquer d\u00favidas que possa ter relativamente a este site ou a estes termos e condi\u00e7\u00f5es.<\/p>\n\n                <\/div>\n                                                                <div class=\"content-one-column__text wysiwyg align_center_on_desktop\">\n                    <p><strong>DEVE TER IDADE LEGAL PARA CONSUMIR BEBIDAS ALCO\u00d3LICAS NO SEU PA\u00cdS DE RESID\u00caNCIA PARA UTILIZAR ESTE SITE. CASO CONTR\u00c1RIO, N\u00c3O ENTRE NESTE SITE.<\/strong><\/p>\n\n                <\/div>\n                                                                <div class=\"content-one-column__text wysiwyg align_center_on_desktop\">\n                    <p>RESTRI\u00c7\u00d5ES DE USO. O acesso a este Site \u00e9 permitido de forma tempor\u00e1ria e reservamo-nos o direito de remover, suspender ou alterar os servi\u00e7os que fornecemos no Site sem aviso pr\u00e9vio. Este Site \u00e9 alterado e atualizado regularmente e a IDL n\u00e3o ser\u00e1 responsabilizada se, por algum motivo, o Site ou quaisquer materiais nele contidos ficarem indispon\u00edveis a qualquer momento ou por qualquer per\u00edodo de tempo. Os materiais deste Site n\u00e3o podem ser modificados, copiados, reproduzidos, distribu\u00eddos, republicados, carregados, divulgados ou transmitidos de forma alguma sem o consentimento pr\u00e9vio por escrito da IDL. A IDL \u00e9 a propriet\u00e1ria ou licenciante de todos os direitos de propriedade intelectual do Site e do material publicado no mesmo. Todos esses direitos s\u00e3o reservados. N\u00e3o lhe s\u00e3o conferidos quaisquer t\u00edtulos ou direitos de propriedade intelectual como consequ\u00eancia da utiliza\u00e7\u00e3o de ou do acesso a este Site; pelo contr\u00e1rio, todos os direitos, t\u00edtulos e interesses relativamente a quaisquer aspetos do Site permanecem propriedade da IDL. Os materiais neste Site s\u00e3o fornecidos apenas para fins legais.<\/p>\n\n                <\/div>\n                                                                <div class=\"content-one-column__text wysiwyg align_center_on_desktop\">\n                    <p>LIMITA\u00c7\u00c3O DE RESPONSABILIDADE. Na medida permitida por lei, a IDL n\u00e3o dever\u00e1, sob nenhuma circunst\u00e2ncia, ser responsabilizada por qualquer perda ou danos (incluindo, mas n\u00e3o se limitando a, perda direta, incidental, consequencial ou indireta, incluindo perda de lucros, perda de rendimentos ou receita, perda de reputa\u00e7\u00e3o, interrup\u00e7\u00e3o da atividade ou perda de dados ou informa\u00e7\u00f5es\/indemniza\u00e7\u00f5es especiais ou punitivas, mesmo que a IDL tenha sido previamente notificada da possibilidade de tais perdas ou danos), preju\u00edzos ou estragos emergentes de ou causados por delito, viola\u00e7\u00e3o de contrato ou relacionados com, emergentes de ou decorrentes da utiliza\u00e7\u00e3o de, do acesso a, ou da incapacidade de utilizar o Site ou quaisquer materiais deste Site ou dos sites associados ao mesmo, ou causados por qualquer falha de desempenho, erro, omiss\u00e3o, interrup\u00e7\u00e3o, defeito, atraso na transmiss\u00e3o operacional, v\u00edrus inform\u00e1tico ou falha na linha. Estes Termos e Condi\u00e7\u00f5es n\u00e3o excluem a responsabilidade da IDL por morte ou les\u00e3o pessoal resultante de neglig\u00eancia, responsabilidade por declara\u00e7\u00f5es fraudulentas ou falsas a respeito de uma quest\u00e3o fundamental nem qualquer responsabilidade que n\u00e3o possa ser exclu\u00edda ou limitada no \u00e2mbito da lei aplic\u00e1vel. OS MATERIAIS NESTE SITE PODEM APRESENTAR IMPRECIS\u00d5ES T\u00c9CNICAS OU ERROS TIPOGR\u00c1FICOS. OS MATERIAIS NESTE SITE S\u00c3O FORNECIDOS \u00abCOMO EST\u00c3O\u00bb E, NA MEDIDA M\u00c1XIMA PERMITIDA POR LEI, SEM GARANTIAS DE QUALQUER TIPO, EXPRESSAS OU IMPL\u00cdCITAS (SEJA POR ESTATUTO, DIREITO COMUM, PR\u00c1TICA DE NEGOCIA\u00c7\u00c3O, USO COMERCIAL OU OUTRAS). NA MEDIDA M\u00c1XIMA PERMITIDA PELAS LEIS APLIC\u00c1VEIS, A IDL REJEITA QUALQUER RESPONSABILIDADE POR NEGLIG\u00caNCIA E QUAISQUER DECLARA\u00c7\u00d5ES E GARANTIAS, EXPRESSAS OU IMPL\u00cdCITAS, INCLUINDO, MAS N\u00c3O SE LIMITANDO A, GARANTIAS DE COMERCIALIZA\u00c7\u00c3O, ADEQUA\u00c7\u00c3O PARA UM DETERMINADO FIM OU N\u00c3O VIOLA\u00c7\u00c3O. A IDL N\u00c3O GARANTE NEM DECLARA QUE A UTILIZA\u00c7\u00c3O DESTE SITE SER\u00c1 ININTERRUPTA, LIVRE DE ERRO, QUE OS CONTE\u00daDOS SER\u00c3O CORRETOS, PRECISOS OU FI\u00c1VEIS OU QUE ESTE SITE OU O SERVIDOR QUE O DISPONIBILIZA EST\u00c3O LIVRES DE V\u00cdRUS OU DE OUTROS COMPONENTES PREJUDICIAIS. A IDL N\u00c3O GARANTE NEM DECLARA E REJEITA EXPRESSAMENTE QUALQUER RESPONSABILIDADE OU OBRIGA\u00c7\u00c3O RELATIVAMENTE AO USO OU \u00c0 ACEITA\u00c7\u00c3O DE INFORMA\u00c7\u00d5ES CONTIDAS NESTE SITE NO QUE DIZ RESPEITO \u00c0 SUA PRECIS\u00c3O, FIABILIDADE, ENTRE OUTRAS. O UTILIZADOR (E N\u00c3O A IDL) ASSUME TODOS OS CUSTOS DE QUALQUER MANUTEN\u00c7\u00c3O, REPARA\u00c7\u00c3O OU CORRE\u00c7\u00c3O NECESS\u00c1RIA.<\/p>\n\n                <\/div>\n                                                                <div class=\"content-one-column__text wysiwyg align_center_on_desktop\">\n                    <p>SUBMISS\u00d5ES. Ao submeter quaisquer coment\u00e1rios, sugest\u00f5es, quest\u00f5es, ideias, conceitos criativos, gr\u00e1ficos ou outras informa\u00e7\u00f5es (coletivamente, a \u00abSubmiss\u00e3o\u00bb), o utilizador concorda em conceder \u00e0 IDL uma licen\u00e7a n\u00e3o exclusiva para utilizar essa Submiss\u00e3o. Embora o utilizador continue a ser o detentor dos direitos de autor da sua Submiss\u00e3o, a IDL ter\u00e1 o direito de utilizar, editar, alterar, reproduzir, publicar e\/ou distribuir livremente o material contido na sua Submiss\u00e3o. Esta licen\u00e7a ser\u00e1 gratuita, perp\u00e9tua e pass\u00edvel de sublicenciamento. A IDL n\u00e3o ser\u00e1 obrigada a tratar a Submiss\u00e3o como confidencial e n\u00e3o ser\u00e1 responsabilizada por qualquer uso ou divulga\u00e7\u00e3o da Submiss\u00e3o nem pelo fornecimento de qualquer compensa\u00e7\u00e3o ou reconhecimento pela mesma. A IDL poder\u00e1 exercer todos os direitos de autor e de publicidade dos materiais contidos na sua Submiss\u00e3o em todas as jurisdi\u00e7\u00f5es, na sua totalidade e durante todo o per\u00edodo em que esses direitos vigorarem nesses materiais. Deve certificar-se de que a sua Submiss\u00e3o n\u00e3o viola qualquer direito de autor, direito de base de dados, marca comercial ou outro direito de propriedade intelectual de terceiros e de que n\u00e3o cont\u00e9m qualquer material ilegal, amea\u00e7ador, calunioso, difamat\u00f3rio, obsceno, pornogr\u00e1fico ou profano que possa incentivar ou constituir conduta criminal ou ilegal ou incentivar ou promover o consumo irrespons\u00e1vel de \u00e1lcool (coletivamente, o \u00abMaterial Inapropriado\u00bb). Ao submeter a sua Submiss\u00e3o, est\u00e1 a garantir que tem o direito de conceder \u00e0 IDL a licen\u00e7a de direitos de autor n\u00e3o exclusiva acima descrita e que a mesma n\u00e3o cont\u00e9m qualquer Material Inapropriado. Caso n\u00e3o lhe seja poss\u00edvel conceder essa licen\u00e7a ou garantir que n\u00e3o cont\u00e9m Material Inapropriado, n\u00e3o submeta a Submiss\u00e3o. A IDL reserva-se o direito de alterar ou corrigir qualquer Submiss\u00e3o antes da publica\u00e7\u00e3o (se aplic\u00e1vel) de modo a eliminar qualquer Material Inapropriado.<\/p>\n\n                <\/div>\n                                                                <div class=\"content-one-column__text wysiwyg align_center_on_desktop\">\n                    <p>JURISDI\u00c7\u00c3O. Este contrato ser\u00e1 regido pelas leis da Irlanda, sem preju\u00edzo de quaisquer princ\u00edpios de conflitos de leis. Qualquer disputa emergente destes Termos e Condi\u00e7\u00f5es ser\u00e1 submetida \u00e0 jurisdi\u00e7\u00e3o exclusiva dos tribunais irlandeses, embora isto n\u00e3o afete o direito da IDL de instaurar a\u00e7\u00f5es contra o utilizador por viola\u00e7\u00e3o destes Termos e condi\u00e7\u00f5es no seu pa\u00eds de resid\u00eancia ou em qualquer outro pa\u00eds relevante. Salvo disposi\u00e7\u00e3o em contr\u00e1rio, todos os materiais neste Site s\u00e3o disponibilizados apenas para fornecer informa\u00e7\u00f5es acerca da IDL e dos seus produtos. A IDL controla e gere este Site a partir da Rep\u00fablica da Irlanda e n\u00e3o garante que estes materiais sejam apropriados ou estejam dispon\u00edveis para utiliza\u00e7\u00e3o noutros locais.<\/p>\n\n                <\/div>\n                                                                <div class=\"content-one-column__text wysiwyg align_center_on_desktop\">\n                    <p>INFORMA\u00c7\u00d5ES SOBRE MARCAS COMERCIAIS. Todas as marcas comerciais e os log\u00f3tipos, projetos, r\u00f3tulos e projetos de garrafas relacionados, bem como todas as outras propriedades intelectuais associadas aos produtos e marcas da IDL aqui utilizados s\u00e3o propriedade da Irish Distillers; \u00e9 poss\u00edvel obter uma lista dessas marcas comerciais junto do Gestor de conte\u00fados da Internet, Irish Distillers Ltd. Simmonscourt House, Simmonscourt Road, Ballsbridge, Dublin 4, Irlanda. O uso ou uso indevido destas marcas comerciais ou de qualquer conte\u00fado deste Site, exceto conforme acima previsto, \u00e9 estritamente proibido. Todas as outras marcas comerciais s\u00e3o propriedade dos respetivos propriet\u00e1rios.<\/p>\n\n                <\/div>\n                                                                <div class=\"content-one-column__text wysiwyg align_center_on_desktop\">\n                    <p>INFORMA\u00c7\u00d5ES ACERCA DO UTILIZADOR E DA SUA VISITA AO SITE. A IDL processa as informa\u00e7\u00f5es acerca do utilizador de acordo com a sua Declara\u00e7\u00e3o de Privacidade, a qual \u00e9 disponibilizada aqui. Ao utilizar este Site, o utilizador autoriza tal processamento e garante que todas as informa\u00e7\u00f5es por si fornecidas s\u00e3o precisas e atuais.<\/p>\n\n                <\/div>\n                                                                <div class=\"content-one-column__text wysiwyg align_center_on_desktop\">\n                    <p>V\u00cdRUS, PIRATARIA INFORM\u00c1TICA E OUTRAS OFENSAS. O utilizador n\u00e3o deve fazer uso indevido do Site atrav\u00e9s da introdu\u00e7\u00e3o consciente de v\u00edrus, cavalos de Troia, worms, bombas l\u00f3gicas ou outros materiais que sejam maliciosos ou tecnologicamente prejudiciais. O utilizador n\u00e3o deve tentar obter acesso n\u00e3o autorizado ao Site, ao servi\u00e7o onde o Site est\u00e1 armazenado e\/ou alojado ou a quaisquer bases de dados, servidores ou computadores ligados ao Site. O utilizador n\u00e3o deve atacar este Site atrav\u00e9s de um ataque denial-of-service, da distribui\u00e7\u00e3o de um ataque denial-of-service ou seja de que maneira for. A IDL n\u00e3o ser\u00e1 responsabilizada por qualquer perda causada por um ataque denial-of-service distribu\u00eddo, por v\u00edrus ou por outros materiais tecnologicamente prejudiciais que possam infetar equipamento inform\u00e1tico, programas inform\u00e1ticos, dados ou outros materiais propriet\u00e1rios devido ao seu uso deste Site ou \u00e0 transfer\u00eancia de materiais publicados no mesmo ou em qualquer site associado.<\/p>\n\n                <\/div>\n                                                                <div class=\"content-one-column__text wysiwyg align_center_on_desktop\">\n                    <p>DIVERSOS. As promo\u00e7\u00f5es e os produtos da IDL s\u00e3o elaborados e disponibilizados em muitas partes do mundo. Contudo, este Site poder\u00e1 descrever produtos, promo\u00e7\u00f5es ou concursos que n\u00e3o est\u00e3o dispon\u00edveis no seu pa\u00eds ou estado de resid\u00eancia. Este Site poder\u00e1 ter links para outros sites e a IDL n\u00e3o se responsabiliza pelo conte\u00fado desses sites. A inclus\u00e3o de um link para qualquer outro site tem apenas fins informativos e n\u00e3o implica a aprova\u00e7\u00e3o da IDL desses sites, pelo que a IDL n\u00e3o presta qualquer declara\u00e7\u00e3o ou garantia acerca desses sites. A n\u00e3o aplica\u00e7\u00e3o pela IDL de qualquer direito previsto nestes Termos e Condi\u00e7\u00f5es ou em qualquer uma das suas partes n\u00e3o dever\u00e1 constituir uma ren\u00fancia desse direito ou de uma parte destes Termos e Condi\u00e7\u00f5es. Se alguma das partes destes Termos e Condi\u00e7\u00f5es for ilegal, nula ou inaplic\u00e1vel, essa parte ser\u00e1 considerada separ\u00e1vel e n\u00e3o afetar\u00e1 a validade das restantes provis\u00f5es. A IDL pode rever estes Termos e Condi\u00e7\u00f5es ou o conte\u00fado do Site a qualquer momento atualizando esta publica\u00e7\u00e3o. O utilizador est\u00e1 sujeito a tais revis\u00f5es, pelo que deve visitar periodicamente esta p\u00e1gina para rever os Termos e Condi\u00e7\u00f5es em vigor aos quais est\u00e1 sujeito.<\/p>\n\n                <\/div>\n                                                                <div class=\"content-one-column__text wysiwyg align_center_on_desktop\">\n                    <p>Obrigado por visitar o nosso site. Desfrute dos nossos produtos com modera\u00e7\u00e3o. Todos os direitos reservados. Irish Distillers Limited \u2014 Registada na Irlanda \u2014 N\u00famero 23732 \u2014 Sede social: Simmonscourt House, Simmonscourt Road, Ballsbridge, Dublin 4, Irlanda.<\/p>\n\n                <\/div>\n                        <\/div>\n\n    <\/section>\n","protected":false},"excerpt":{"rendered":"","protected":false},"author":29,"featured_media":0,"parent":0,"menu_order":24,"comment_status":"closed","ping_status":"closed","template":"","meta":{"_acf_changed":false,"_seopress_robots_primary_cat":"","_seopress_titles_title":"","_seopress_titles_desc":"","_seopress_robots_index":"","inline_featured_image":false,"footnotes":""},"categories":[],"tags":[],"our-world-category":[],"class_list":["post-525471","page","type-page","status-publish","hentry"],"acf":[],"_links":{"self":[{"href":"https:\/\/www.jamesonwhiskey.com\/pt-pt\/wp-json\/wp\/v2\/pages\/525471","targetHints":{"allow":["GET"]}}],"collection":[{"href":"https:\/\/www.jamesonwhiskey.com\/pt-pt\/wp-json\/wp\/v2\/pages"}],"about":[{"href":"https:\/\/www.jamesonwhiskey.com\/pt-pt\/wp-json\/wp\/v2\/types\/page"}],"author":[{"embeddable":true,"href":"https:\/\/www.jamesonwhiskey.com\/pt-pt\/wp-json\/wp\/v2\/users\/29"}],"replies":[{"embeddable":true,"href":"https:\/\/www.jamesonwhiskey.com\/pt-pt\/wp-json\/wp\/v2\/comments?post=525471"}],"version-history":[{"count":0,"href":"https:\/\/www.jamesonwhiskey.com\/pt-pt\/wp-json\/wp\/v2\/pages\/525471\/revisions"}],"wp:attachment":[{"href":"https:\/\/www.jamesonwhiskey.com\/pt-pt\/wp-json\/wp\/v2\/media?parent=525471"}],"wp:term":[{"taxonomy":"category","embeddable":true,"href":"https:\/\/www.jamesonwhiskey.com\/pt-pt\/wp-json\/wp\/v2\/categories?post=525471"},{"taxonomy":"post_tag","embeddable":true,"href":"https:\/\/www.jamesonwhiskey.com\/pt-pt\/wp-json\/wp\/v2\/tags?post=525471"},{"taxonomy":"our-world-category","embeddable":true,"href":"https:\/\/www.jamesonwhiskey.com\/pt-pt\/wp-json\/wp\/v2\/our-world-category?post=525471"}],"curies":[{"name":"wp","href":"https:\/\/api.w.org\/{rel}","templated":true}]}}