{"id":525477,"date":"2021-09-02T10:59:19","date_gmt":"2021-09-02T10:59:19","guid":{"rendered":"https:\/\/live-jameson.pantheonsite.io\/cookie-policy\/"},"modified":"2023-06-08T13:01:07","modified_gmt":"2023-06-08T13:01:07","slug":"cookie-policy","status":"publish","type":"page","link":"https:\/\/www.jamesonwhiskey.com\/pt-pt\/cookie-policy\/","title":{"rendered":"Pol\u00edtica de Cookies"},"content":{"rendered":"\n<section id=\"block_02edf38435f2dd61daf3ca90c19bfb2b\" class=\"hero hero-no-image hero-no-image__no-breadcrumb-spacer lazy\" data-assetkey=\"hero-no-image\">\n  <div class=\"hero-no-image__container \">\n    <div class=\"hero-no-image__container-content\">\n        <div class=\"subheading \">\n    <div class=\"subheading__line\"><\/div>\n    <h2 class=\"h6\">Legal<\/h2>\n  <\/div>\n\n      <h1 class=\"h1\">Pol\u00edtica de Cookies<\/h1>\n    <\/div>\n  <\/div>\n<\/section>\n\n\n\n<section id=\"block_d4a80ba7feac84e0d3860c229219703c\"\n         class=\"content-one-column content-one-column--bg-light full-width lazy\n        \n        \n        \" data-assetkey=\"content-one-column\">\n    <div class=\"content-one-column__content\">\n        \n                <div class=\"content-one-column__heading\">\n                            <h2 class=\"h1\"><\/h2>\n                    <\/div>\n\n        \n                                                            <div class=\"content-one-column__text wysiwyg align_center_on_desktop\">\n                    <p>A Irish Distillers Limited (\u00abIDL\u00bb) utiliza \u00abcookies\u00bb para ajudar a memorizar os detalhes das suas visitas ao Site, incluindo, mas n\u00e3o se limitando a, informa\u00e7\u00f5es t\u00e9cnicas acerca da sua visita, por ex., dados de tr\u00e1fego, dados de localiza\u00e7\u00e3o, endere\u00e7o IP, o site a partir do qual chegou a n\u00f3s e o tipo de browser utilizado. Desta forma, a nossa <a href=\"https:\/\/live-jameson.pantheonsite.io\/pt-pt\/privacy-policy\/\">Declara\u00e7\u00e3o de Privacidade<\/a> ir\u00e1 aplicar-se ao nosso tratamento das informa\u00e7\u00f5es obtidas atrav\u00e9s dos cookies.<\/p>\n<p>Um cookie \u00e9 um pequeno ficheiro de dados que \u00e9 implantado pelo nosso Site no seu dispositivo (por ex., o seu telem\u00f3vel ou computador) e que recolhe informa\u00e7\u00f5es, como os seus dados pessoais. Por exemplo, um cookie permite que o Site reconhe\u00e7a o seu browser, enquanto outro cookie armazena as suas prefer\u00eancias e outras informa\u00e7\u00f5es para permitir uma navega\u00e7\u00e3o eficaz no Site. Os cookies tamb\u00e9m podem ajudar a garantir que os an\u00fancios que v\u00ea online s\u00e3o mais relevantes para si e para os seus interesses.<\/p>\n\n                <\/div>\n                        <\/div>\n\n    <\/section>\n\n\n\n<section id=\"block_ac1aef8ae888c328e870da625bd89b23\"\n         class=\"content-one-column content-one-column--bg-light full-width lazy\n        \n        \n        \" data-assetkey=\"content-one-column\">\n    <div class=\"content-one-column__content\">\n        \n                <div class=\"content-one-column__heading\">\n                            <h2 class=\"h1\">Tipos de cookies utilizados no Site<\/h2>\n                    <\/div>\n\n        \n                                                            <div class=\"content-one-column__text wysiwyg align_center_on_desktop\">\n                    <p>A IDL poder\u00e1 colocar os cookies no seu dispositivo atrav\u00e9s do Site. Desta forma, a nossa <a href=\"https:\/\/live-jameson.pantheonsite.io\/pt-pt\/privacy-policy\/\">Declara\u00e7\u00e3o de Privacidade<\/a> ir\u00e1 aplicar-se ao nosso tratamento das informa\u00e7\u00f5es obtidas atrav\u00e9s dos cookies. Tamb\u00e9m podemos permitir que os nossos parceiros comerciais coloquem cookies no seu dispositivo.<\/p>\n<p>Seguem-se os diferentes tipos de cookies utilizados no Site.<\/p>\n\n                <\/div>\n                        <\/div>\n\n    <\/section>\n\n\n\n<section id=\"block_0ce1794bf556ae1e3bb8a48b5305369a\" class=\"faq  lazy\" data-assetkey=\"faq\">\n  <div class=\"faq__heading\">\n    <h2 class=\"h1\">Cookie Information<\/h2>\n  <\/div>\n\n  <div class=\"faq__lines\">\n                          <details>\n          <summary class=\"h5\">\n            <span class=\"expandable-list-heading\">Cookies necess\u00e1rios<\/span>\n            <span class=\"expandable-list-toggle\"><\/span>\n          <\/summary>\n          <section class=\"expandable-list-content\">\n            <p>Estes cookies s\u00e3o essenciais para permitir a navega\u00e7\u00e3o nos Sites e a utiliza\u00e7\u00e3o das funcionalidades do Site, como o acesso a zonas seguras do Site. Sem estes cookies, os servi\u00e7os solicitados, como as compras online, n\u00e3o podem ser fornecidos.<\/p>\n<p><strong>Nomes de cookies:<\/strong><\/p>\n<p><strong>&#8220;ageset&#8221;<\/strong><br \/>\nIdade do utilizador em anos, por ex., &#8220;38&#8221;. Determinado pela data de nascimento selecionada na barreira da idade ou fornecida no in\u00edcio de sess\u00e3o do Facebook.<\/p>\n<p><strong>&#8220;ageverified&#8221;<\/strong><br \/>\nO utilizador preencheu a barreira da idade (valores poss\u00edveis: &#8220;true&#8221; ou &#8220;false&#8221;).<\/p>\n<p><strong>&#8220;countrycode&#8221;<\/strong><br \/>\nObtido a partir do pa\u00eds, com base na verifica\u00e7\u00e3o de IP, por exemplo &#8220;GB&#8221;.<\/p>\n<p><strong>&#8220;dob&#8221;<\/strong><br \/>\nPreenchido pela escolha do utilizador no menu pendente da barreira da idade ou pelas informa\u00e7\u00f5es de data de nascimento do Facebook atrav\u00e9s da Graph API. Formato: por ex., &#8220;YYY-MM-DD&#8221; (ano-m\u00eas-dia).<\/p>\n<p><strong>&#8220;selected_country&#8221;<\/strong><br \/>\nPa\u00eds, com base na sele\u00e7\u00e3o do utilizador na barreira da idade, por ex., &#8220;VN&#8221;.<\/p>\n\n          <\/section>\n        <\/details>\n                                <details>\n          <summary class=\"h5\">\n            <span class=\"expandable-list-heading\">Cookies de funcionalidades<\/span>\n            <span class=\"expandable-list-toggle\"><\/span>\n          <\/summary>\n          <section class=\"expandable-list-content\">\n            <p>Estes cookies permitem que o Site memorize as suas escolhas (como o seu idioma e regi\u00e3o preferenciais) e proporcione funcionalidades mais individualizadas. Estes cookies tamb\u00e9m podem ser utilizados para monitorizar e analisar o desempenho, o funcionamento e a efic\u00e1cia do Site, para que possamos melhor\u00e1-lo e otimiz\u00e1-lo.<\/p>\n<p>Ap\u00f3s obter o seu consentimento, poderemos colocar um cookie no Site para memorizar as suas prefer\u00eancias, para que n\u00e3o tenha de introduzir novamente os seus detalhes (prefer\u00eancias de pa\u00eds\/idade e idioma) na nossa p\u00e1gina inicial sempre que quiser aceder ao Site. Se partilhar o seu computador com outra pessoa, a utiliza\u00e7\u00e3o deste cookie n\u00e3o ser\u00e1 adequada.<\/p>\n<p>Tamb\u00e9m pode utilizar cookies de sess\u00e3o tempor\u00e1rios que auxiliam na navega\u00e7\u00e3o em p\u00e1ginas do Site e memorizam as prefer\u00eancias selecionadas durante a sess\u00e3o. Estes cookies expiram ap\u00f3s fechar o browser.<\/p>\n\n          <\/section>\n        <\/details>\n                                <details>\n          <summary class=\"h5\">\n            <span class=\"expandable-list-heading\">Cookies de desempenho<\/span>\n            <span class=\"expandable-list-toggle\"><\/span>\n          <\/summary>\n          <section class=\"expandable-list-content\">\n            <p>Estes cookies recolhem informa\u00e7\u00f5es sobre a forma como utiliza o Site, por exemplo, as p\u00e1ginas do Site que utiliza com mais frequ\u00eancia. As informa\u00e7\u00f5es recolhidas por estes cookies n\u00e3o o identificam. Todas as informa\u00e7\u00f5es recolhidas por estes cookies s\u00e3o agregadas e, como tal, an\u00f3nimas.<\/p>\n<p>Utilizamos o Google Analytics para ajudar a monitorizar e analisar a utiliza\u00e7\u00e3o do Site. O Google Analytics \u00e9 um tipo de cookie de desempenho que recolhe informa\u00e7\u00f5es padr\u00e3o de registo de Internet e de comportamento dos visitantes de forma an\u00f3nima. As informa\u00e7\u00f5es recolhidas por este cookie s\u00e3o transmitidas para a Google, que as utiliza posteriormente para avaliar a utiliza\u00e7\u00e3o dos visitantes do Site e para compilar relat\u00f3rios estat\u00edsticos da atividade do Site. Para recusar a monitoriza\u00e7\u00e3o do Google Analytics em todos os sites, visite http:\/\/tools.google.com\/dlpage\/gaoptout.<\/p>\n\n          <\/section>\n        <\/details>\n                                <details>\n          <summary class=\"h5\">\n            <span class=\"expandable-list-heading\">Como gerir e desativar cookies<\/span>\n            <span class=\"expandable-list-toggle\"><\/span>\n          <\/summary>\n          <section class=\"expandable-list-content\">\n            <p>Pode optar por n\u00e3o aceitar a defini\u00e7\u00e3o de cookies. O seu browser poder\u00e1 permitir que defina a forma como gere os cookies, como rejeitar todos os cookies ou solicitar a aceita\u00e7\u00e3o de cada cookie individualmente. Contudo, observe que algumas partes do Site poder\u00e3o n\u00e3o funcionar como previsto ou n\u00e3o funcionar de todo sem cookies. O nosso sistema ir\u00e1 emitir cookies automaticamente ao entrar no Site, a menos que tenha ajustado as defini\u00e7\u00f5es do seu browser para que rejeite cookies.<\/p>\n\n          <\/section>\n        <\/details>\n                                <details>\n          <summary class=\"h5\">\n            <span class=\"expandable-list-heading\">Altera\u00e7\u00f5es a esta Declara\u00e7\u00e3o relativa a cookies<\/span>\n            <span class=\"expandable-list-toggle\"><\/span>\n          <\/summary>\n          <section class=\"expandable-list-content\">\n            <p>Podemos alterar esta Declara\u00e7\u00e3o relativa a cookies a qualquer momento. Se efetuarmos altera\u00e7\u00f5es consider\u00e1veis \u00e0 Declara\u00e7\u00e3o relativa a cookies, iremos notific\u00e1-lo atrav\u00e9s da publica\u00e7\u00e3o da Declara\u00e7\u00e3o relativa a cookies alterada no Site ou atrav\u00e9s do envio de um e-mail.<\/p>\n<p>\u00c9 importante que reveja a Declara\u00e7\u00e3o relativa a cookies. Se n\u00e3o desejar aceitar a Declara\u00e7\u00e3o relativa a cookies alterada, n\u00e3o podemos continuar a fornecer-lhe o Site e a sua \u00fanica op\u00e7\u00e3o \u00e9 parar de aceder ao Site e desativar a sua conta da IDL.<\/p>\n<p>Para obter mais informa\u00e7\u00f5es sobre cookies, visite www.aboutcookies.org<\/p>\n\n          <\/section>\n        <\/details>\n            <\/div>\n<\/section>\n\n\n\n<section id=\"block_5b668d05cb133eb2c9c598555a042871\"\n         class=\"content-one-column content-one-column--bg-light full-width lazy\n        \n        \n        \" data-assetkey=\"content-one-column\">\n    <div class=\"content-one-column__content\">\n        \n\n<div class=\"subheading content-one-column__subheading\">\n        <div class=\"subheading__line\"><\/div>\n    \n    <span class=\"h6\">Last Update: January 2023<\/span>\n<\/div>\n\n                <div class=\"content-one-column__heading\">\n                            <h2 class=\"h1\"><\/h2>\n                    <\/div>\n\n        \n                    <\/div>\n\n    <\/section>\n","protected":false},"excerpt":{"rendered":"","protected":false},"author":29,"featured_media":0,"parent":0,"menu_order":4,"comment_status":"closed","ping_status":"closed","template":"","meta":{"_acf_changed":false,"_seopress_robots_primary_cat":"","_seopress_titles_title":"","_seopress_titles_desc":"","_seopress_robots_index":"","inline_featured_image":false,"footnotes":""},"categories":[],"tags":[],"our-world-category":[],"class_list":["post-525477","page","type-page","status-publish","hentry"],"acf":[],"_links":{"self":[{"href":"https:\/\/www.jamesonwhiskey.com\/pt-pt\/wp-json\/wp\/v2\/pages\/525477","targetHints":{"allow":["GET"]}}],"collection":[{"href":"https:\/\/www.jamesonwhiskey.com\/pt-pt\/wp-json\/wp\/v2\/pages"}],"about":[{"href":"https:\/\/www.jamesonwhiskey.com\/pt-pt\/wp-json\/wp\/v2\/types\/page"}],"author":[{"embeddable":true,"href":"https:\/\/www.jamesonwhiskey.com\/pt-pt\/wp-json\/wp\/v2\/users\/29"}],"replies":[{"embeddable":true,"href":"https:\/\/www.jamesonwhiskey.com\/pt-pt\/wp-json\/wp\/v2\/comments?post=525477"}],"version-history":[{"count":0,"href":"https:\/\/www.jamesonwhiskey.com\/pt-pt\/wp-json\/wp\/v2\/pages\/525477\/revisions"}],"wp:attachment":[{"href":"https:\/\/www.jamesonwhiskey.com\/pt-pt\/wp-json\/wp\/v2\/media?parent=525477"}],"wp:term":[{"taxonomy":"category","embeddable":true,"href":"https:\/\/www.jamesonwhiskey.com\/pt-pt\/wp-json\/wp\/v2\/categories?post=525477"},{"taxonomy":"post_tag","embeddable":true,"href":"https:\/\/www.jamesonwhiskey.com\/pt-pt\/wp-json\/wp\/v2\/tags?post=525477"},{"taxonomy":"our-world-category","embeddable":true,"href":"https:\/\/www.jamesonwhiskey.com\/pt-pt\/wp-json\/wp\/v2\/our-world-category?post=525477"}],"curies":[{"name":"wp","href":"https:\/\/api.w.org\/{rel}","templated":true}]}}