{"id":525478,"date":"2021-09-02T10:58:42","date_gmt":"2021-09-02T10:58:42","guid":{"rendered":"https:\/\/live-jameson.pantheonsite.io\/enjoy-responsibly\/"},"modified":"2023-06-08T13:06:57","modified_gmt":"2023-06-08T13:06:57","slug":"enjoy-responsibly","status":"publish","type":"page","link":"https:\/\/www.jamesonwhiskey.com\/pt-pt\/enjoy-responsibly\/","title":{"rendered":"Beba com modera\u00e7\u00e3o"},"content":{"rendered":"\n<section id=\"block_b4f13d8517b2650ad4f33a3a1efaa2c7\" class=\"hero hero-no-image hero-no-image__no-breadcrumb-spacer lazy\" data-assetkey=\"hero-no-image\">\n  <div class=\"hero-no-image__container hero-no-image__container-fullwidth\">\n    <div class=\"hero-no-image__container-content\">\n        <div class=\"subheading \">\n    <div class=\"subheading__line\"><\/div>\n    <h2 class=\"h6\">Legal<\/h2>\n  <\/div>\n\n      <h1 class=\"h1\">Beba com modera\u00e7\u00e3o<\/h1>\n    <\/div>\n  <\/div>\n<\/section>\n\n\n\n<section id=\"block_5cd0d144a4a2783312353b211fdf7a0d\"\n         class=\"content-one-column content-one-column--bg-light full-width lazy\n        \n        \n        \" data-assetkey=\"content-one-column\">\n    <div class=\"content-one-column__content\">\n        \n                <div class=\"content-one-column__heading\">\n                            <h2 class=\"h1\"><\/h2>\n                    <\/div>\n\n        \n                                                            <div class=\"content-one-column__text wysiwyg align_center_on_desktop\">\n                    <p>ESTE \u00c9 O SITE OFICIAL JAMESON IRISH WHISKEY, ONDE PODE CONHECER A HIST\u00d3RIA SOBRE O NOSSO FUNDADOR JOHN JAMESON, AS NOSSAS RECEITAS DE BEBIDAS E COMO \u00c9 PRODUZIDO O WHISKEY IRLAND\u00caS N.\u00ba 1 NO MUNDO. NA IRISH DISTILLERS PERNOD RICARD, DESEJAMOS PROTEGER O LEGADO DE JOHN JAMESON PEDINDO-LHE QUE LEIA E RESPEITE AS SEGUINTES DIRETRIZES.<\/p>\n<p><a href=\"http:\/\/pernod-ricard.com\/\">Pernod Ricard<\/a><br \/>\n<a href=\"http:\/\/drinkaware.ie\/\">Drinkaware.ie<\/a><br \/>\n<a href=\"http:\/\/acceptresponsibility.org\/\">Accept Responsibility<\/a><br \/>\n<a href=\"http:\/\/www.responsibledrinking.eu\/\">responsibledrinking.eu<\/a><br \/>\n<a href=\"http:\/\/www.responsibility.org\/\">responsibility.org<\/a><br \/>\n<a href=\"http:\/\/www.acceptresponsibility.org.uk\/\">acceptresponsibility.org.uk<\/a><\/p>\n\n                <\/div>\n                                                                <div class=\"content-one-column__text wysiwyg align_center_on_desktop\">\n                    <p>A Irish Distillers Pernod Ricard (www.irishdistillers.ie), a orgulhosa propriet\u00e1ria Jameson Irish Whiskey, apoia inteiramente o conjunto de c\u00f3digos que regem a comercializa\u00e7\u00e3o, a venda, a publicidade e o patroc\u00ednio de produtos alco\u00f3licos. O nosso compromisso para com estes c\u00f3digos garante que todas as nossas atividades s\u00e3o levadas a cabo com o intuito de promover o consumo respons\u00e1vel dos nossos produtos junto de um p\u00fablico adulto.<\/p>\n<p>Enquanto l\u00edderes no fornecimento de bebidas espirituosas, champanhes e vinhos de qualidade premium, desempenhamos um papel importante na promo\u00e7\u00e3o respons\u00e1vel dos nossos produtos junto dos clientes e consumidores. Esfor\u00e7amo-nos por agir sempre de forma a merecer a confian\u00e7a e o apre\u00e7o dos nossos acionistas, sejam eles quem forem ou onde estiverem.<\/p>\n<p>Nas redes sociais, adoramos receber not\u00edcias de todos. Contudo, como parte do nosso compromisso de promover o consumo respons\u00e1vel, \u00e9 importante entender que a comunidade n\u00e3o deve publicar coment\u00e1rios, fotos, v\u00eddeos ou outro tipo de conte\u00fados que:<\/p>\n<p>Incluam pessoas que tenham ou pare\u00e7am ter idade inferior ao limite legal para consumo de \u00e1lcool.<br \/>\nSejam criados por pessoas com idade inferior ao limite legal para consumo de \u00e1lcool.<br \/>\nIncentive a compra ou o consumo de bebidas alco\u00f3licas por menores e\/ou o consumo irrespons\u00e1vel ou exagerado.<br \/>\nIncentive qualquer tipo de comportamento inapropriado ou violento.<br \/>\nCaso verifiquemos uma publica\u00e7\u00e3o sistem\u00e1tica que seja incompat\u00edvel com qualquer um dos crit\u00e9rios acima, seremos for\u00e7ados a bloquear quaisquer contas associadas.<br \/>\nDe certa forma, tamb\u00e9m n\u00f3s fomos bloqueados durante o tempo da Lei Seca.<br \/>\nComo tal, sabemos qual \u00e9 a sensa\u00e7\u00e3o e n\u00e3o \u00e9 boa.<br \/>\n\u00c0 sua, a equipa Jameson Whiskey.<\/p>\n\n                <\/div>\n                        <\/div>\n\n    <\/section>\n","protected":false},"excerpt":{"rendered":"","protected":false},"author":29,"featured_media":0,"parent":0,"menu_order":6,"comment_status":"closed","ping_status":"closed","template":"","meta":{"_acf_changed":false,"_seopress_robots_primary_cat":"","_seopress_titles_title":"","_seopress_titles_desc":"Jameson is committed to the responsible marketing, sales, advertising &amp; sponsorship of alcohol products. Read more here.","_seopress_robots_index":"","inline_featured_image":false,"footnotes":""},"categories":[],"tags":[],"our-world-category":[],"class_list":["post-525478","page","type-page","status-publish","hentry"],"acf":[],"_links":{"self":[{"href":"https:\/\/www.jamesonwhiskey.com\/pt-pt\/wp-json\/wp\/v2\/pages\/525478","targetHints":{"allow":["GET"]}}],"collection":[{"href":"https:\/\/www.jamesonwhiskey.com\/pt-pt\/wp-json\/wp\/v2\/pages"}],"about":[{"href":"https:\/\/www.jamesonwhiskey.com\/pt-pt\/wp-json\/wp\/v2\/types\/page"}],"author":[{"embeddable":true,"href":"https:\/\/www.jamesonwhiskey.com\/pt-pt\/wp-json\/wp\/v2\/users\/29"}],"replies":[{"embeddable":true,"href":"https:\/\/www.jamesonwhiskey.com\/pt-pt\/wp-json\/wp\/v2\/comments?post=525478"}],"version-history":[{"count":0,"href":"https:\/\/www.jamesonwhiskey.com\/pt-pt\/wp-json\/wp\/v2\/pages\/525478\/revisions"}],"wp:attachment":[{"href":"https:\/\/www.jamesonwhiskey.com\/pt-pt\/wp-json\/wp\/v2\/media?parent=525478"}],"wp:term":[{"taxonomy":"category","embeddable":true,"href":"https:\/\/www.jamesonwhiskey.com\/pt-pt\/wp-json\/wp\/v2\/categories?post=525478"},{"taxonomy":"post_tag","embeddable":true,"href":"https:\/\/www.jamesonwhiskey.com\/pt-pt\/wp-json\/wp\/v2\/tags?post=525478"},{"taxonomy":"our-world-category","embeddable":true,"href":"https:\/\/www.jamesonwhiskey.com\/pt-pt\/wp-json\/wp\/v2\/our-world-category?post=525478"}],"curies":[{"name":"wp","href":"https:\/\/api.w.org\/{rel}","templated":true}]}}