{"id":3194879,"date":"2025-10-07T13:13:01","date_gmt":"2025-10-07T13:13:01","guid":{"rendered":"https:\/\/www.jamesonwhiskey.com\/accessibility-statement\/"},"modified":"2025-10-07T13:20:51","modified_gmt":"2025-10-07T13:20:51","slug":"accessibility-statement","status":"publish","type":"page","link":"https:\/\/www.jamesonwhiskey.com\/sv-se\/accessibility-statement\/","title":{"rendered":"Accessibility Statement"},"content":{"rendered":"\n<section id=\"block_44336e075dd3de2eedb4f433a4101c94\"\n         class=\"content-one-column content-one-column--bg-light_cream full-width lazy\n        \n        \n        \" data-assetkey=\"content-one-column\">\n    <div class=\"content-one-column__content\">\n        \n                <div class=\"content-one-column__heading\">\n                            <h2 class=\"h1\">Tillg\u00e4nglighetspolicy<\/h2>\n                    <\/div>\n\n        \n                                                            <div class=\"content-one-column__text wysiwyg align_center_on_desktop\">\n                    <p>Pernod Ricard och dess dotterbolag str\u00e4var efter att inkludera och g\u00f6ra sina webbplatser och mobilappar tillg\u00e4ngliga. Om du inte kan komma \u00e5t n\u00e5got inneh\u00e5ll eller n\u00e5gon tj\u00e4nst, v\u00e4nligen kontakta oss via e-post: <a href=\"mailto:Accessibility@pernod-ricard.com\">Accessibility@pernod-ricard.com<\/a> s\u00e5 att vi kan tillhandah\u00e5lla ett tillg\u00e4ngligt alternativ eller erbjuda inneh\u00e5llet i en annan form.<\/p>\n\n                <\/div>\n                        <\/div>\n\n    <\/section>\n","protected":false},"excerpt":{"rendered":"<p>Pernod Ricard and its affiliate companies are committed to inclusion and making their websites and mobile apps accessible.<\/p>\n","protected":false},"author":335,"featured_media":0,"parent":0,"menu_order":0,"comment_status":"closed","ping_status":"closed","template":"","meta":{"_acf_changed":false,"_seopress_robots_primary_cat":"","_seopress_titles_title":"Tillg\u00e4nglighetspolicy | Jameson Irish Whiskey Sweden","_seopress_titles_desc":"Pernod Ricard och dess dotterbolag str\u00e4var efter att inkludera och g\u00f6ra sina webbplatser och mobilappar tillg\u00e4ngliga.","_seopress_robots_index":"","inline_featured_image":false,"footnotes":""},"categories":[],"tags":[],"our-world-category":[],"class_list":["post-3194879","page","type-page","status-publish","hentry"],"acf":[],"_links":{"self":[{"href":"https:\/\/www.jamesonwhiskey.com\/sv-se\/wp-json\/wp\/v2\/pages\/3194879","targetHints":{"allow":["GET"]}}],"collection":[{"href":"https:\/\/www.jamesonwhiskey.com\/sv-se\/wp-json\/wp\/v2\/pages"}],"about":[{"href":"https:\/\/www.jamesonwhiskey.com\/sv-se\/wp-json\/wp\/v2\/types\/page"}],"author":[{"embeddable":true,"href":"https:\/\/www.jamesonwhiskey.com\/sv-se\/wp-json\/wp\/v2\/users\/335"}],"replies":[{"embeddable":true,"href":"https:\/\/www.jamesonwhiskey.com\/sv-se\/wp-json\/wp\/v2\/comments?post=3194879"}],"version-history":[{"count":2,"href":"https:\/\/www.jamesonwhiskey.com\/sv-se\/wp-json\/wp\/v2\/pages\/3194879\/revisions"}],"predecessor-version":[{"id":3194882,"href":"https:\/\/www.jamesonwhiskey.com\/sv-se\/wp-json\/wp\/v2\/pages\/3194879\/revisions\/3194882"}],"wp:attachment":[{"href":"https:\/\/www.jamesonwhiskey.com\/sv-se\/wp-json\/wp\/v2\/media?parent=3194879"}],"wp:term":[{"taxonomy":"category","embeddable":true,"href":"https:\/\/www.jamesonwhiskey.com\/sv-se\/wp-json\/wp\/v2\/categories?post=3194879"},{"taxonomy":"post_tag","embeddable":true,"href":"https:\/\/www.jamesonwhiskey.com\/sv-se\/wp-json\/wp\/v2\/tags?post=3194879"},{"taxonomy":"our-world-category","embeddable":true,"href":"https:\/\/www.jamesonwhiskey.com\/sv-se\/wp-json\/wp\/v2\/our-world-category?post=3194879"}],"curies":[{"name":"wp","href":"https:\/\/api.w.org\/{rel}","templated":true}]}}