{"id":554095,"date":"2023-06-21T09:18:24","date_gmt":"2023-06-21T09:18:24","guid":{"rendered":"https:\/\/live-jameson.pantheonsite.io\/terms-and-condititions\/"},"modified":"2023-06-21T09:18:24","modified_gmt":"2023-06-21T09:18:24","slug":"terms-and-condititions","status":"publish","type":"page","link":"https:\/\/www.jamesonwhiskey.com\/sv-se\/terms-and-condititions\/","title":{"rendered":"Villkor"},"content":{"rendered":"\n<section id=\"block_8dc353b8062a673b87973ad160437cbd\" class=\"hero hero-no-image hero-no-image__no-breadcrumb-spacer lazy\" data-assetkey=\"hero-no-image\">\n  <div class=\"hero-no-image__container hero-no-image__container-fullwidth\">\n    <div class=\"hero-no-image__container-content\">\n      \n      <h1 class=\"h1\">Villkor<\/h1>\n    <\/div>\n  <\/div>\n<\/section>\n\n\n\n<section id=\"block_d49d5e7474aa54dbb1b3f8f9bcdbe212\"\n         class=\"content-one-column content-one-column--bg-light full-width lazy\n        \n        \n        \" data-assetkey=\"content-one-column\">\n    <div class=\"content-one-column__content\">\n        \n                <div class=\"content-one-column__heading\">\n                            <h2 class=\"h1\"><\/h2>\n                    <\/div>\n\n        \n                                                            <div class=\"content-one-column__text wysiwyg align_center_on_desktop\">\n                    <p>F\u00d6LJANDE VILLKOR G\u00c4LLER F\u00d6R ANV\u00c4NDARE, TITTARE OCH ALLA PERSONER SOM HAR \u00c5TKOMST TILL www.jamesonwhiskey.com (DEN H\u00c4R \u201dWEBBPLATSEN\u201d). GENOM ATT ANV\u00c4NDA ELLER TITTA P\u00c5 DEN H\u00c4R SIDAN ACCEPTERAR DU DE H\u00c4R VILLKOREN. OM DU INTE ACCEPTERAR DEM SKA DU INTE ANV\u00c4NDA WEBBPLATSEN. ALL \u00c5TKOMST ELLER ANV\u00c4NDNING AV DEN H\u00c4R WEBBPLATSEN SKER P\u00c5 ANV\u00c4NDARENS EGNA RISK. Den h\u00e4r webbplatsen hanteras av Irish Distillers Limited (\u201dIDL\u201d eller \u201dVi\u201d), ett privat\u00e4gt f\u00f6retag registrerat p\u00e5 Irland med f\u00f6retagsnummer 23732 och med sitt registrerade kontor p\u00e5 Simmonscourt House, Simmonscourt Road, Ballsbridge, Dublin 4, Irland. Kontakta info@jamesonwhiskey.com med eventuella fr\u00e5gor avseende den h\u00e4r webbplatsen eller de h\u00e4r villkoren. DU M\u00c5STE HA LAGLIG \u00c5LDER F\u00d6R ATT DRICKA ALKOHOL I DET LAND DU BOR I F\u00d6R ATT ANV\u00c4NDA DEN H\u00c4R WEBBPLATSEN. OM DU INTE HAR DET SKA DU INTE \u00d6PPNA DEN H\u00c4R WEBBPLATSEN. BEGR\u00c4NSNING AV ANV\u00c4NDNING. \u00c5tkomst till den h\u00e4r webbplatsen ges p\u00e5 tillf\u00e4llig bas och vi f\u00f6rbeh\u00e5ller oss r\u00e4tten att utan f\u00f6rvarning dra tillbaka, avbryta eller upph\u00e4va tj\u00e4nsterna som vi tillhandah\u00e5ller p\u00e5 sidan. Denna webbplats \u00e4ndras och uppdateras regelbundet och IDL ska inte h\u00e5llas ansvarigt om webbplatsen eller material p\u00e5 webbplatsen av n\u00e5gon anledning inte \u00e4r tillg\u00e4ngliga vid eller under en viss tid. Material fr\u00e5n den h\u00e4r webbplatsen f\u00e5r inte \u00e4ndras, kopieras, reproduceras, distribueras, publiceras vidare, \u00f6verf\u00f6ras, publiceras eller s\u00e4ndas p\u00e5 n\u00e5got s\u00e4tt utan skriftligt godk\u00e4nnande i f\u00f6rv\u00e4g fr\u00e5n IDL. IDL \u00e4r \u00e4gare eller licensgivare f\u00f6r alla immateriella r\u00e4ttigheter p\u00e5 webbplatsen och material publicerat p\u00e5 webbplatsen. Alla s\u00e5dana r\u00e4ttigheter \u00e4r reserverade. Varken titel eller immateriella r\u00e4ttigheter kan \u00f6verf\u00f6ras till dig genom anv\u00e4ndning eller \u00e5tkomst av den h\u00e4r webbplatsen; ist\u00e4llet \u00e4r alla r\u00e4ttigheter, titlar, och intressen av och p\u00e5 webbplatsen i alla aspekter egendom som tillh\u00f6r IDL. Material p\u00e5 den h\u00e4r webbplatsen tillhandah\u00e5lls endast i lagenliga syften. ANSVARSFRISKRIVNING. I den utstr\u00e4ckning lagen till\u00e5ter ska IDL under inga omst\u00e4ndigheter ansvara f\u00f6r f\u00f6rlust eller skada (inklusive, men inte begr\u00e4nsat till, direkt skada, oavsiktlig skada, f\u00f6ljdskada eller indirekt f\u00f6rlust, inklusive f\u00f6rlorad vinst, inkomst eller int\u00e4kt, f\u00f6rlust av goodwill, aff\u00e4rsavbrott eller f\u00f6rlust av data eller information eller s\u00e4rskilda eller bestraffande skador, \u00e4ven om IDL har meddelats i f\u00f6rv\u00e4g om eventuella f\u00f6rluster eller skador), men eller skada oavsett hur skadan uppst\u00e5r och oavsett om den orsakas av f\u00f6rseelse, kontraktsbrott eller annat som \u00e4r relaterat till, uppst\u00e5r ur eller \u00e4r f\u00f6ljden av anv\u00e4ndningen av, eller tillg\u00e5ng till eller of\u00f6rm\u00e5ga att anv\u00e4nda webbplatsen, n\u00e5got av materialen p\u00e5 denna webbplats eller webbplatser som \u00e4r l\u00e4nkade till den h\u00e4r webbplatsen eller om skadan orsakas av eventuella prestandafel, fel, underl\u00e5tenhet, avbrott, defekt, f\u00f6rdr\u00f6jning i operativ \u00f6verf\u00f6ring, datavirus eller linjefel. Ingenting i dessa anv\u00e4ndarvillkor utesluter IDL:s ansvar f\u00f6r d\u00f6dsfall eller personskada som uppst\u00e5r p\u00e5 grund av v\u00e5rdsl\u00f6shet eller ansvar f\u00f6r bedr\u00e4glig f\u00f6rvr\u00e4ngning eller oriktig f\u00f6rklaring om en grundl\u00e4ggande sak eller ansvar som inte kan uteslutas eller begr\u00e4nsas enligt g\u00e4llande lag. MATERIALET P\u00c5 DEN H\u00c4R WEBBPLATSEN KAN INNEH\u00c5LLA TEKNISKA FELAKTIGHETER ELLER TYPOGRAFISKA FEL. MATERIAL P\u00c5 DENNA WEBBPLATS TILLHANDAH\u00c5LLS \u201dI BEFINTLIGT SKICK\u201d OCH, I DEN H\u00d6GSTA UTSTR\u00c4CKNING SOM LAGEN TILL\u00c5TER, UTAN GARANTIER AV N\u00c5GOT SLAG, VARKEN UTTRYCKTA ELLER UNDERF\u00d6RST\u00c5DDA (OAVSETT OM DET G\u00c4LLER STADGAR, GEMENSAM LAG, F\u00d6RHANDLINGSF\u00d6RFARANDE, HANDELANV\u00c4NDNING ELLER ANNAT). I DEN UTSTR\u00c4CKNING SOM TILL\u00c5TS ENLIGT G\u00c4LLANDE LAGAR, \u00c5SIDOS\u00c4TTER IDL ALLT ANSVAR F\u00d6R F\u00d6RSUMMELSE OCH AVST\u00c5R FR\u00c5N ALLA F\u00d6RKLARINGAR OCH GARANTIER, UTTRYCKTA ELLER UNDERF\u00d6RST\u00c5DDA, INKLUSIVE MEN INTE BEGR\u00c4NSADE TILL UNDERF\u00d6RST\u00c5DDA GARANTIER F\u00d6R S\u00c4LJBARHET, L\u00c4MPLIGHET F\u00d6R ETT VISST SYFTE ELLER ICKE-\u00d6VERTR\u00c4DELSE. IDL GARANTERAR INTE OCH GER INGA F\u00d6RKLARINGAR OM ATT ANV\u00c4NDNINGEN AV DENNA WEBBPLATS KOMMER ATT VARA OAVBRUTEN ELLER FELFRI, ATT INNEH\u00c5LLET KOMMER ATT VARA KORREKT, EXAKT ELLER TILLF\u00d6RLITLIGT, ELLER ATT DEN H\u00c4R WEBBPLATSEN ELLER SERVERN SOM G\u00d6R DEN TILLG\u00c4NGLIG \u00c4R FRI FR\u00c5N VIRUS ELLER ANDRA SKADLIGA KOMPONENTER. IDL GARANTERAR INTE OCH GER INGA F\u00d6RKLARINGAR OCH AVS\u00c4GER SIG UTTRYCKLIGEN ALL ANSVARSFRIHET OCH ALLT ANSVAR F\u00d6R ANV\u00c4NDNINGEN AV ELLER BEROENDE AV INFORMATION SOM FINNS P\u00c5 DENNA WEBBPLATS AVSEENDE DESS NOGGRANNHET, TILLF\u00d6RLITLIGHET ELLER ANNAT. DU (OCH INTE IDL) \u00c5TAR DIG HELA KOSTNADEN F\u00d6R ALL N\u00d6DV\u00c4NDIG SERVICE, REPARATION ELLER KORRIGERING. INS\u00c4NDNINGAR. Genom att skicka in kommentarer, f\u00f6rslag, fr\u00e5gor, id\u00e9er, kreativa koncept, grafik eller annan information (gemensamt \u201dIns\u00e4ndningen\u201d), ger du IDL en icke-exklusiv licens f\u00f6r att anv\u00e4nda det materialet. \u00c4ven om du fortfarande kommer att ha upphovsr\u00e4tten till din ins\u00e4ndning, kommer IDL att ha r\u00e4tt att fritt anv\u00e4nda, redigera, \u00e4ndra, reproducera, publicera och\/eller distribuera materialet i din ins\u00e4ndning. Licensen kommer att vara gratis, f\u00f6r alltid och i st\u00e5nd till underlicens. IDL kommer inte kr\u00e4vas behandla ins\u00e4ndningen som konfidentiell och kommer inte att vara ansvarig f\u00f6r n\u00e5gon som helst anv\u00e4ndning eller avsl\u00f6jande av ins\u00e4ndningen, och beh\u00f6ver inte tillhandah\u00e5lla n\u00e5gon ers\u00e4ttning eller bekr\u00e4ftelse f\u00f6r ins\u00e4ndningen. IDL kan ut\u00f6va alla upphovsr\u00e4tts- och reklamr\u00e4ttigheter i materialet i din ins\u00e4ndning i alla jurisdiktioner, i sin fulla omfattning och under hela perioden f\u00f6r vilken s\u00e5dana r\u00e4ttigheter finns i materialet. Du m\u00e5ste se till att din ins\u00e4ndning inte kr\u00e4nker upphovsr\u00e4tt, databasr\u00e4ttighet, varum\u00e4rke eller annan immateriell r\u00e4ttighet f\u00f6r n\u00e5gon annan person och att den inte inneh\u00e5ller n\u00e5got olagligt, hotande, kr\u00e4nkande, f\u00f6rol\u00e4mpande, obscent, pornografiskt eller profetiskt material som kan utg\u00f6ra eller uppmuntra brottsligt eller olagligt beteende eller skulle kunna tendera att uppmuntra eller fr\u00e4mja oansvarig alkoholkonsumtion (gemensamt \u201dol\u00e4mpligt material\u201d). Genom att skicka in din ins\u00e4ndning garanterar du att du har r\u00e4tt att bevilja IDL den icke-exklusiva upphovsr\u00e4ttslicensen som beskrivs ovan och att den inte inneh\u00e5ller n\u00e5got ol\u00e4mpligt material. Om du inte \u00e4r beh\u00f6rig att bevilja en s\u00e5dan licens eller inte kan garantera att ins\u00e4ndningen inte inneh\u00e5ller ol\u00e4mpligt material ska du inte skicka in den. IDL f\u00f6rbeh\u00e5ller sig r\u00e4tten att \u00e4ndra eller \u00e5tg\u00e4rda ins\u00e4ndningen f\u00f6re offentligg\u00f6rande (om n\u00e5gon) s\u00e5 att eventuellt ol\u00e4mpligt material raderas. JURISDIKTION. Detta avtal ska regleras i enlighet med Irlands lagar, oavsett principer om lagkonflikter. Eventuell tvist som h\u00e4rr\u00f6r fr\u00e5n dessa villkor kommer att \u00f6verl\u00e4mnas till de irl\u00e4ndska domstolarnas exklusiva beh\u00f6righet, \u00e4ven om detta inte p\u00e5verkar IDL:s r\u00e4tt att v\u00e4cka talan mot dig f\u00f6r brott mot dessa villkor i ditt hemland eller n\u00e5got annat relevant land. Med undantag f\u00f6r vad som beskrivs annars \u00e4r allt material p\u00e5 denna webbplats endast tillg\u00e4ngligt f\u00f6r att ge information om IDL och dess produkter. IDL kontrollerar och driver denna webbplats fr\u00e5n Republiken Irland och g\u00f6r ingen representation f\u00f6r att materialet \u00e4r l\u00e4mpligt eller tillg\u00e4ngligt f\u00f6r anv\u00e4ndning p\u00e5 andra platser. INFORMATION OM VARUM\u00c4RKET. Alla varum\u00e4rken och alla tillh\u00f6rande logotyper, designer, etiketter, flaskdesigner och all annan immateriell r\u00e4ttighet i samband med IDL:s produkter och varum\u00e4rken som anv\u00e4nds h\u00e4r \u00e4gs av Irish Distillers. En lista \u00f6ver dessa varum\u00e4rken kan erh\u00e5llas fr\u00e5n Internet Manager, Irish Distillers Ltd. Simmonscourt House, Simmonscourt Road, Ballsbridge, Dublin 4, Irland. Anv\u00e4ndningen eller missbruk av dessa varum\u00e4rken eller inneh\u00e5ll p\u00e5 denna webbplats, med undantag av ovanst\u00e5ende, \u00e4r str\u00e4ngt f\u00f6rbjudet. Alla andra varum\u00e4rken tillh\u00f6r respektive \u00e4gare. INFORMATION OM DIG OCH DITT BES\u00d6K P\u00c5 WEBBPLATSEN. IDL bearbetar information om dig i enlighet med Sekretessmeddelandet, som \u00e4r tillg\u00e4ngligt h\u00e4r. Genom att anv\u00e4nda webbplatsen accepterar du denna bearbetning och garanterar att all information som du anger \u00e4r korrekt och aktuell. VIRUS, HACKNING OCH ANDRA \u00d6VERTR\u00c4DELSER. Du f\u00e5r inte missbruka webbplatsen genom att medvetet inf\u00f6ra virus, trojaner, maskar, logiska bomber eller annat material som \u00e4r skadligt eller tekniskt skadligt. Du f\u00e5r inte f\u00f6rs\u00f6ka f\u00e5 obeh\u00f6rig \u00e5tkomst till webbplatsen, den tj\u00e4nst som webbplatsen \u00e4r lagrad p\u00e5 och\/eller v\u00e4rd f\u00f6r p\u00e5 n\u00e5gon server, dator eller databas som \u00e4r ansluten till webbplatsen. Du f\u00e5r inte attackera den h\u00e4r webbplatsen med DoS-attacker eller distribuerade DoS-attacker eller p\u00e5 liknande s\u00e4tt. IDL ansvarar inte f\u00f6r f\u00f6rlust eller skada som orsakas av en DoS-attack, ett virus eller annat tekniskt skadligt material som kan infektera datorutrustning, dataprogram, data eller annat propriet\u00e4rt material p\u00e5 grund av din anv\u00e4ndning av webbplatsen eller nedladdningar av material som publiceras p\u00e5 webbplatsen eller n\u00e5gon webbplats som \u00e4r l\u00e4nkad till den. \u00d6VRIGT. Produkter och kampanjer fr\u00e5n IDL tillverkas och \u00e4r tillg\u00e4ngliga i m\u00e5nga delar av v\u00e4rlden. Denna webbplats kan dock beskriva produkter, kampanjer eller t\u00e4vlingar som inte \u00e4r tillg\u00e4ngligt i det land eller den delstat du bor i. Denna webbplats kan l\u00e4nka till andra webbplatser och IDL \u00e4r inte ansvarigt f\u00f6r inneh\u00e5llet p\u00e5 de webbplatserna. Inkluderandet av en l\u00e4nk till n\u00e5gon annan webbplats tillhandah\u00e5lls endast i informationssyfte och det inneb\u00e4r inte att IDL godk\u00e4nner webbplatserna och IDL ger ingen representation eller garanti om s\u00e5dana webbplatser. Underl\u00e5tenhet fr\u00e5n IDL att genomdriva n\u00e5gon r\u00e4tt enligt dessa Villkor eller n\u00e5gon del av dem ska inte utg\u00f6ra ett upph\u00e4vande av s\u00e5dan r\u00e4ttighet eller del av dessa villkor. Om n\u00e5gon del av dessa villkor \u00e4r olaglig, ogiltig eller ogenomf\u00f6rbar, anses den delen vara avskild och p\u00e5verkar inte giltigheten av eventuella \u00e5terst\u00e5ende best\u00e4mmelser. IDL kan n\u00e4r som helst \u00e4ndra dessa villkor eller inneh\u00e5llet p\u00e5 webbplatsen genom att uppdatera det h\u00e4r inl\u00e4gget. Du \u00e4r bunden av s\u00e5dana \u00e4ndringar och b\u00f6r d\u00e4rf\u00f6r regelbundet bes\u00f6ka den h\u00e4r sidan f\u00f6r att se \u00f6ver de nuvarande villkoren f\u00f6r vilka du \u00e4r bunden. Tack f\u00f6r att du bes\u00f6ker v\u00e5r webbplats. Njut av v\u00e5ra produkter ansvarsfullt. Med ensamr\u00e4tt. Irish Distillers Limited \u2212 Registrerat p\u00e5 Irland \u2212 Nummer 23732 \u2212 Registrerat kontor: Simmonscourt House, Simmonscourt Road, Ballsbridge, Dublin 4, Irland. Upphovsr\u00e4tt och IP-ombud f\u00f6r USA. Om du anser att n\u00e5gon anv\u00e4ndning av immateriell r\u00e4ttighet p\u00e5 webbplatsen kr\u00e4nker din upphovsr\u00e4tt, l\u00e4mna f\u00f6ljande information skriftligen till upphovsr\u00e4ttsombudet som anges nedan: din adress, ditt telefonnummer och din e-postadress; en beskrivning av det upphovsr\u00e4ttsskyddade arbete som du h\u00e4vdar har kr\u00e4nkts. En beskrivning av den p\u00e5st\u00e5dda \u00f6vertr\u00e4delseaktiviteten och d\u00e4r det p\u00e5st\u00e5dda intr\u00e5ngsmaterialet \u00e4r bel\u00e4get. Ett uttalande fr\u00e5n dig om att du i god tro anser att den omtvistade anv\u00e4ndningen inte \u00e4r godk\u00e4nd av dig, upphovsr\u00e4ttsinnehavaren, dess ombud eller lagen. En elektronisk eller fysisk signatur av personen som \u00e4r beh\u00f6rig att agera p\u00e5 uppdrag av \u00e4garen av upphovsr\u00e4ttsintresset och ett uttalande fr\u00e5n dig som gjorts under straff av mened, att ovanst\u00e5ende information i ditt meddelande \u00e4r korrekt och att du \u00e4r upphovsr\u00e4ttsinnehavare eller beh\u00f6rig att agera p\u00e5 uppdrag av upphovsr\u00e4ttsinnehavarens r\u00e4kning. Copyright Agent Cassie Ostle Legal Manager Simminscourt House Simmonscourt Rd, Ballsbridge Dublin 4 IRELAND +353 (0)1 212 9000 info@jamesonwhiskey.com Biljettk\u00f6p Villkoren som anges \u00e4r baserade p\u00e5 k\u00f6p av biljetter till Jameson Distillery. Ledningen f\u00f6rbeh\u00e5ller sig r\u00e4tten att neka intr\u00e4de. Genom att k\u00f6pa biljetter till Jameson Distillery bekr\u00e4ftar du att du har l\u00e4st och godk\u00e4nt att vara bunden av och motiv f\u00f6r f\u00f6ljande villkor och att du har l\u00e4st och godk\u00e4nt anv\u00e4ndningen av den information du tillhandah\u00e5ller oss. N\u00e4r dina biljetter har k\u00f6pts \u00e4r biljetten icke-ers\u00e4ttningsbar och icke-\u00e5terbetalningsbar, med undantag av p\u00e5 beslut av Jameson Irish Whiskey. Alla prisf\u00f6rslag \u00e4r i Euro. Vi f\u00f6rbeh\u00e5ller oss r\u00e4tten att h\u00f6ja eller s\u00e4nka v\u00e5ra priser n\u00e4r som helst innan du bokar, men n\u00e4r din bokning har bekr\u00e4ftats \u00e4ndras inte priset f\u00f6r din bokning enligt bekr\u00e4ftelsemeddelandet. Vi kommer att anv\u00e4nda alla rimliga anstr\u00e4ngningar f\u00f6r att s\u00e4kerst\u00e4lla att Jameson Irish Whiskey och alla dess utst\u00e4llningar\/uppvisningar \u00e4r \u00f6ppna f\u00f6r anv\u00e4ndning av bes\u00f6kare under normala \u00f6ppettider. Jameson Irish Whiskey f\u00f6rbeh\u00e5ller sig dock r\u00e4tten att, p\u00e5 eget beslut, av s\u00e4kerhetssk\u00e4l eller annat, och med eller utan f\u00f6reg\u00e5ende meddelande, st\u00e4nga Jameson Distillery eller n\u00e5gon del av det. I h\u00e4ndelse av s\u00e5dan st\u00e4ngning kommer Jameson Irish Whiskey att \u00e5terbetala varje bes\u00f6kare kostnaden f\u00f6r hans eller hennes f\u00f6rbetalda biljett. I annat fall ska Jameson Irish Whiskey inte ha n\u00e5got ansvar, inklusive ansvar f\u00f6r resekostnader eller andra utgifter i samband med st\u00e4ngning av delar eller hela Jameson Distillery. Ibland kan Jameson Irish Whiskey eller andra auktoriserade tredje parter utf\u00f6ra fotografering eller annan inspelning p\u00e5 platsen och eventuella bilder eller inspelningar kan inneh\u00e5lla bes\u00f6kare. Bes\u00f6kare godk\u00e4nner anv\u00e4ndningen av s\u00e5dana bilder av Jameson Irish Whiskey i samband med reklam, kampanjer eller \u00f6vervakning och bekr\u00e4ftar att upphovsr\u00e4tten i s\u00e5dana bilder \u00e4r Jameson Irish Whiskey och\/eller eventuell auktoriserad tredje part. Jameson Distillery \u00e4r l\u00e4mpligt f\u00f6r bes\u00f6kare yngre \u00e4n 18 \u00e5r. Barn yngre \u00e4n 15 \u00e5r m\u00e5ste medf\u00f6ljas av en vuxen som \u00e4r 18 \u00e5r eller \u00e4ldre under bes\u00f6ket p\u00e5 Jameson Distillery. Barn under 18 \u00e5r f\u00e5r bes\u00f6ka Jameson Distillery d\u00e4r alkoholhaltiga drycker kommer att finnas tillg\u00e4ngliga, men de kommer inte att serveras alkohol och\/eller till\u00e5tas konsumera alkohol. Husdjur eller djur (med undantag f\u00f6r ledhundar och h\u00f6rselhundar) \u00e4r uttryckligen f\u00f6rbjudna inom Jameson Distillery. BES\u00d6KSREGLER Jameson Irish Whiskey f\u00f6rbeh\u00e5ller sig r\u00e4tten att, enligt sitt eget gottfinnande, neka intr\u00e4de till eller avl\u00e4gsnande fr\u00e5n dess lokaler eller omgivning n\u00e5gon som: Har d\u00f6mts f\u00f6r brott, vilket enligt Jameson Irish Whiskeys uppfattning \u00e4r sannolikt att p\u00e5verka s\u00e4kerheten eller njutningen av andra bes\u00f6kare. Upptr\u00e4der p\u00e5 ett s\u00e4tt som enligt Jameson Irish Whiskeys uppfattningar har eller kan p\u00e5verka bes\u00f6karnas s\u00e4kerhet eller njutning, orsaka irritation f\u00f6r andra bes\u00f6kare, upptr\u00e4der p\u00e5 s\u00e5 s\u00e4tt att de orsakar fara eller n\u00f6dfall f\u00f6r andra eller skada p\u00e5 fastigheten. Har anv\u00e4nt hotande, missbrukande eller f\u00f6rol\u00e4mpande ord eller beteende eller p\u00e5 n\u00e5got s\u00e4tt provocerar eller uppf\u00f6r sig p\u00e5 ett s\u00e4tt som kan leda till att freden st\u00f6rs. Misst\u00e4nks vara under p\u00e5verkan av alkohol eller andra \u00e4mnen. Ut\u00f6ver det f\u00f6reg\u00e5ende m\u00e5ste en person som har orsakat skada st\u00e5 f\u00f6r alla kostnader som uppkommer till f\u00f6ljd av s\u00e5dant beteende. Alla personer som g\u00e5r in i Jameson Distillery m\u00e5ste betala intr\u00e4de. Biljetterna m\u00e5ste beh\u00e5llas hela tiden och l\u00e4mnas in f\u00f6r inspektion, om det beg\u00e4rs av n\u00e5gon anst\u00e4lld eller n\u00e5got ombud f\u00f6r Jameson Irish Whiskey. Den som f\u00f6rs\u00f6ker f\u00e5 intr\u00e4de utan en giltig biljett kommer att bli ombedd att l\u00e4mna platsen. I enlighet med irl\u00e4ndsk lag \u00e4r r\u00f6kning str\u00e4ngt f\u00f6rbjudet inom Jameson Distillery. Jameson Irish Whiskey f\u00f6rbeh\u00e5ller sig r\u00e4tten att \u00e5tala personer som har skadat eller f\u00f6rst\u00f6rt n\u00e5gon del av lokalerna.<\/p>\n\n                <\/div>\n                                                                <div class=\"content-one-column__text wysiwyg align_center_on_desktop\">\n                    \n                <\/div>\n                                                                <div class=\"content-one-column__text wysiwyg align_center_on_desktop\">\n                    \n                <\/div>\n                                                                <div class=\"content-one-column__text wysiwyg align_center_on_desktop\">\n                    \n                <\/div>\n                                                                <div class=\"content-one-column__text wysiwyg align_center_on_desktop\">\n                    \n                <\/div>\n                                                                <div class=\"content-one-column__text wysiwyg align_center_on_desktop\">\n                    \n                <\/div>\n                                                                <div class=\"content-one-column__text wysiwyg align_center_on_desktop\">\n                    \n                <\/div>\n                                                                <div class=\"content-one-column__text wysiwyg align_center_on_desktop\">\n                    \n                <\/div>\n                                                                <div class=\"content-one-column__text wysiwyg align_center_on_desktop\">\n                    \n                <\/div>\n                        <\/div>\n\n    <\/section>\n","protected":false},"excerpt":{"rendered":"","protected":false},"author":29,"featured_media":0,"parent":0,"menu_order":24,"comment_status":"closed","ping_status":"closed","template":"","meta":{"_acf_changed":false,"_seopress_robots_primary_cat":"","_seopress_titles_title":"","_seopress_titles_desc":"","_seopress_robots_index":"","inline_featured_image":false,"footnotes":""},"categories":[],"tags":[],"our-world-category":[],"class_list":["post-554095","page","type-page","status-publish","hentry"],"acf":[],"_links":{"self":[{"href":"https:\/\/www.jamesonwhiskey.com\/sv-se\/wp-json\/wp\/v2\/pages\/554095","targetHints":{"allow":["GET"]}}],"collection":[{"href":"https:\/\/www.jamesonwhiskey.com\/sv-se\/wp-json\/wp\/v2\/pages"}],"about":[{"href":"https:\/\/www.jamesonwhiskey.com\/sv-se\/wp-json\/wp\/v2\/types\/page"}],"author":[{"embeddable":true,"href":"https:\/\/www.jamesonwhiskey.com\/sv-se\/wp-json\/wp\/v2\/users\/29"}],"replies":[{"embeddable":true,"href":"https:\/\/www.jamesonwhiskey.com\/sv-se\/wp-json\/wp\/v2\/comments?post=554095"}],"version-history":[{"count":0,"href":"https:\/\/www.jamesonwhiskey.com\/sv-se\/wp-json\/wp\/v2\/pages\/554095\/revisions"}],"wp:attachment":[{"href":"https:\/\/www.jamesonwhiskey.com\/sv-se\/wp-json\/wp\/v2\/media?parent=554095"}],"wp:term":[{"taxonomy":"category","embeddable":true,"href":"https:\/\/www.jamesonwhiskey.com\/sv-se\/wp-json\/wp\/v2\/categories?post=554095"},{"taxonomy":"post_tag","embeddable":true,"href":"https:\/\/www.jamesonwhiskey.com\/sv-se\/wp-json\/wp\/v2\/tags?post=554095"},{"taxonomy":"our-world-category","embeddable":true,"href":"https:\/\/www.jamesonwhiskey.com\/sv-se\/wp-json\/wp\/v2\/our-world-category?post=554095"}],"curies":[{"name":"wp","href":"https:\/\/api.w.org\/{rel}","templated":true}]}}