{"id":556405,"date":"2023-02-24T14:39:13","date_gmt":"2023-02-24T14:39:13","guid":{"rendered":"https:\/\/live-jameson.pantheonsite.io\/jameson-black-barrel\/"},"modified":"2024-12-18T16:27:54","modified_gmt":"2024-12-18T16:27:54","slug":"jameson-black-barrel","status":"publish","type":"page","link":"https:\/\/www.jamesonwhiskey.com\/sv-se\/our-whiskey\/jameson-black-barrel\/","title":{"rendered":"Jameson Black Barrel"},"content":{"rendered":"\t<section id=\"block_e3cb085b0465555bb91f75ef41878c08\" class=\"hero hero-halfscreen hero-halfscreen--filter hero-halfscreen--filter-opacity lazy\" data-assetkey=\"hero-halfscreen\" data-colour_filter='opacity' data-colour_filter_opacity='81'>\n\t\t\n\t<div class=\"hero-halfscreen__img_content\">\n\t\t\t\t\t<div class=\"hero-halfscreen__img_content-breadcrumbs\">\n\t\t\t\t\t\t\t\t\t            \n\t\t\t\t\t\t\t<\/div>\n\t\t\n\t\t\t\t\t\t\t\t\t\t\n\n\t\t\t\t\t\t\n\t\t<picture class=\"hero-halfscreen__picture\">\n\t\t\t<source media=\"(min-width: 768px)\" class=\"hero-halfscreen__source hero-halfscreen__source--desktop\" srcset=\"https:\/\/ik.imagekit.io\/cvygf2xse\/jamesonwhiskey\/wp-content\/uploads\/2023\/07\/960x730_2.png?tr=q-80,w-768 768w, https:\/\/ik.imagekit.io\/cvygf2xse\/jamesonwhiskey\/wp-content\/uploads\/2023\/07\/960x730_2.png?tr=q-80,w-500 500w, https:\/\/ik.imagekit.io\/cvygf2xse\/jamesonwhiskey\/wp-content\/uploads\/2023\/07\/960x730_2.png?tr=q-80,w-420 420w, https:\/\/ik.imagekit.io\/cvygf2xse\/jamesonwhiskey\/wp-content\/uploads\/2023\/07\/960x730_2.png?tr=q-80,w-400 400w, https:\/\/ik.imagekit.io\/cvygf2xse\/jamesonwhiskey\/wp-content\/uploads\/2023\/07\/960x730_2.png?tr=q-80,w-375 375w, https:\/\/ik.imagekit.io\/cvygf2xse\/jamesonwhiskey\/wp-content\/uploads\/2023\/07\/960x730_2.png?tr=q-80,w-360 360w, https:\/\/ik.imagekit.io\/cvygf2xse\/jamesonwhiskey\/wp-content\/uploads\/2023\/07\/960x730_2.png?tr=q-80,w-320 320w, https:\/\/ik.imagekit.io\/cvygf2xse\/jamesonwhiskey\/wp-content\/uploads\/2023\/07\/960x730_2.png?tr=q-80,w-300 300w, https:\/\/ik.imagekit.io\/cvygf2xse\/jamesonwhiskey\/wp-content\/uploads\/2023\/07\/960x730_2.png?tr=q-80,w-275 275w, https:\/\/ik.imagekit.io\/cvygf2xse\/jamesonwhiskey\/wp-content\/uploads\/2023\/07\/960x730_2.png?tr=q-80,w-200 200w, https:\/\/ik.imagekit.io\/cvygf2xse\/jamesonwhiskey\/wp-content\/uploads\/2023\/07\/960x730_2.png?tr=q-80,w-100 100w, \" sizes=\"(min-width: 1440px) 100vw, (min-width: 1024px) 1024px, (min-width: 768px) 768px\">\n\t\t\t<source class=\"hero-halfscreen__source hero-halfscreen__source--mobile\" srcset=\"https:\/\/ik.imagekit.io\/cvygf2xse\/jamesonwhiskey\/wp-content\/uploads\/2023\/07\/750x750.png?tr=q-80,w-500 500w, https:\/\/ik.imagekit.io\/cvygf2xse\/jamesonwhiskey\/wp-content\/uploads\/2023\/07\/750x750.png?tr=q-80,w-420 420w, https:\/\/ik.imagekit.io\/cvygf2xse\/jamesonwhiskey\/wp-content\/uploads\/2023\/07\/750x750.png?tr=q-80,w-400 400w, https:\/\/ik.imagekit.io\/cvygf2xse\/jamesonwhiskey\/wp-content\/uploads\/2023\/07\/750x750.png?tr=q-80,w-375 375w, https:\/\/ik.imagekit.io\/cvygf2xse\/jamesonwhiskey\/wp-content\/uploads\/2023\/07\/750x750.png?tr=q-80,w-360 360w, https:\/\/ik.imagekit.io\/cvygf2xse\/jamesonwhiskey\/wp-content\/uploads\/2023\/07\/750x750.png?tr=q-80,w-320 320w, https:\/\/ik.imagekit.io\/cvygf2xse\/jamesonwhiskey\/wp-content\/uploads\/2023\/07\/750x750.png?tr=q-80,w-300 300w, https:\/\/ik.imagekit.io\/cvygf2xse\/jamesonwhiskey\/wp-content\/uploads\/2023\/07\/750x750.png?tr=q-80,w-275 275w, https:\/\/ik.imagekit.io\/cvygf2xse\/jamesonwhiskey\/wp-content\/uploads\/2023\/07\/750x750.png?tr=q-80,w-200 200w, https:\/\/ik.imagekit.io\/cvygf2xse\/jamesonwhiskey\/wp-content\/uploads\/2023\/07\/750x750.png?tr=q-80,w-100 100w, \" sizes=\"(min-width: 768px) 768px, (min-width: 500px) 500px, 250px\">\n\t\t\t<img loading=\"lazy\" decoding=\"async\" class=\"hero-halfscreen__image\" src=\"https:\/\/ik.imagekit.io\/cvygf2xse\/jamesonwhiskey\/wp-content\/uploads\/2023\/07\/960x730_2.png?tr=q-80,w-960\" width=\"960\" height=\"730\" alt=\"\" role=\"presentation\">\n\t\t<\/picture>\n\t<\/div>\n\n\t<div\n\t\tclass=\"hero-halfscreen__content\" data-background=\"\">\n\t\t\t\t\t\t\t\t\n\t\t  <div class=\"subheading \">\n    <div class=\"subheading__line\"><\/div>\n    <h2 class=\"h6\">V\u00c5R WHISKEY<\/h2>\n  <\/div>\n\n\t\t<h1 class=\"h1\">Jameson Black Barrel Irish Whiskey  <\/h1>\n\n\t\t\t\t\t<div class=\"hero-halfscreen__content-intro wysiwyg\">\n\t\t\t\t<p>Genom att rosta tr\u00e4et tv\u00e5 g\u00e5nger f\u00e5r tunnorna nytt liv. Oefterh\u00e4rmlig fyllighet och komplexitet v\u00e4ntar i varje droppe av Jameson Black Barrel. Den \u00e4r full\u00e4ndad p\u00e5 egen hand eller med isbitar, men \u00e4r ocks\u00e5 k\u00e4nd som en av de b\u00e4sta whiskeym\u00e4rkena f\u00f6r en Old Fashioned. Litar du inte p\u00e5 oss? Smaka sj\u00e4lv. F\u00e5r vi presentera v\u00e5r k\u00e4ra Black Barrel-whiskey?<\/p>\n\n\t\t\t<\/div>\n\t\t\n\t\t\t\t\t\t\t\t\n\t\t\t\t\t\t\t\t\t\t\t\t\n\n\t\t\t\n\t\t\t<\/div>\n<\/section>\n\n\n\n<section id=\"block_c2421875850b61653ac1f827ae778032\" class=\"outlined-boxes full-width lazy\" data-assetkey=\"outlined-boxes\">\n  \n  \n  \n  <div\n    class=\"swiper outlined-boxes__swiper\"\n    id=\"swiper-block_c2421875850b61653ac1f827ae778032\"\n    role=\"region\"\n    aria-roledescription=\"carousel\"\n      >\n    <div\n      class=\"swiper-button-prev\"\n      role=\"button\"\n      aria-label=\"Previous slide\"\n      aria-controls=\"swiper-block_c2421875850b61653ac1f827ae778032\"\n    ><\/div>\n\n    <div class=\"swiper-wrapper outlined-boxes__wrapper\" aria-live=\"polite\">\n              <div\n          class=\"swiper-slide outlined-boxes__slide\"\n          role=\"group\"\n          aria-roledescription=\"slide\"\n          aria-label=\"1 of 3\"\n        >\n          <div>\n            \n\n<div class=\"subheading subheading--small\">\n        <div class=\"subheading__line\"><\/div>\n    \n    <span class=\"h6\">Arom<\/span>\n<\/div>\n            <div class=\"outlined-boxes__content wysiwyg\">\n              <p>Tiden f\u00f6r mognad i de h\u00e4r tunnorna ger kraftigare dofter av butterscotch, fudge och kr\u00e4mig toffee.<\/p>\n\n            <\/div>\n          <\/div>\n        <\/div>\n              <div\n          class=\"swiper-slide outlined-boxes__slide\"\n          role=\"group\"\n          aria-roledescription=\"slide\"\n          aria-label=\"2 of 3\"\n        >\n          <div>\n            \n\n<div class=\"subheading subheading--small\">\n        <div class=\"subheading__line\"><\/div>\n    \n    <span class=\"h6\">Smak<\/span>\n<\/div>\n            <div class=\"outlined-boxes__content wysiwyg\">\n              <p>Gott om n\u00f6tiga toner tillsammans med lena s\u00f6ta kryddor och vanilj.<\/p>\n\n            <\/div>\n          <\/div>\n        <\/div>\n              <div\n          class=\"swiper-slide outlined-boxes__slide\"\n          role=\"group\"\n          aria-roledescription=\"slide\"\n          aria-label=\"3 of 3\"\n        >\n          <div>\n            \n\n<div class=\"subheading subheading--small\">\n        <div class=\"subheading__line\"><\/div>\n    \n    <span class=\"h6\">Finish<\/span>\n<\/div>\n            <div class=\"outlined-boxes__content wysiwyg\">\n              <p>Njut av rikedomen och intensiteten fr\u00e5n rostat tr\u00e4 och vanilj.<\/p>\n\n            <\/div>\n          <\/div>\n        <\/div>\n          <\/div>\n\n    <div\n      class=\"swiper-button-next\"\n      role=\"button\"\n      aria-label=\"Next slide\"\n      aria-controls=\"swiper-block_c2421875850b61653ac1f827ae778032\"\n    ><\/div>\n\n    <div class=\"swiper-pagination\" aria-hidden=\"true\"><\/div>\n\n    <p\n      id=\"status-block_c2421875850b61653ac1f827ae778032\"\n      role=\"status\"\n      aria-live=\"polite\"\n      class=\"visually-hidden\"\n    ><\/p>\n  <\/div>\n<\/section>\n\n\n\n<section id=\"block_1c7494f82d9bddae0c97c46bfb567bda\" class=\"faq  lazy\" data-assetkey=\"faq\">\n  <div class=\"faq__heading\">\n    <h2 class=\"h1\">L\u00e4r k\u00e4nna Jameson Black Barrel  <\/h2>\n  <\/div>\n\n  <div class=\"faq__lines\">\n                          <details>\n          <summary class=\"h5\">\n            <span class=\"expandable-list-heading\">Vad \u00e4r Jameson Black Barrel?<\/span>\n            <span class=\"expandable-list-toggle\"><\/span>\n          <\/summary>\n          <section class=\"expandable-list-content\">\n            <p><span style=\"font-weight: 400;\">Jameson Black Barrel \u00e4r en trippeldestillerad blandning av sm\u00e5 satser irl\u00e4ndska grain- and single pot-whiskey. Den h\u00e4r whiskeyn, som lagras p\u00e5 tunnor med dubbel f\u00f6rkolning, har en s\u00f6t och kryddig karakt\u00e4r.\u00a0<\/span><\/p>\n\n          <\/section>\n        <\/details>\n                                <details>\n          <summary class=\"h5\">\n            <span class=\"expandable-list-heading\">Vad \u00e4r det f\u00f6r skillnad p\u00e5 Jameson och Jameson Black Barrel?<\/span>\n            <span class=\"expandable-list-toggle\"><\/span>\n          <\/summary>\n          <section class=\"expandable-list-content\">\n            <p><span style=\"font-weight: 400;\">J\u00e4mf\u00f6rt med <\/span><a href=\"\/sv-se\/our-whiskey\/jameson-irish-whiskey\/\"><span style=\"font-weight: 400;\">Jameson Original Irish whiskey<\/span><\/a><span style=\"font-weight: 400;\"> har Black Barrel en mycket st\u00f6rre andel single pot-whiskey som blandas med grainwhiskey fr\u00e5n sm\u00e5 satser.\u00a0<\/span><\/p>\n\n          <\/section>\n        <\/details>\n                                <details>\n          <summary class=\"h5\">\n            <span class=\"expandable-list-heading\">\u00c4r Jameson Black Barrel en single malt?<\/span>\n            <span class=\"expandable-list-toggle\"><\/span>\n          <\/summary>\n          <section class=\"expandable-list-content\">\n            <p><span style=\"font-weight: 400;\">Jameson Black Barrel \u00e4r en blandning av single malt och grainwhiskey fr\u00e5n sm\u00e5 satser.\u00a0<\/span><\/p>\n\n          <\/section>\n        <\/details>\n                                <details>\n          <summary class=\"h5\">\n            <span class=\"expandable-list-heading\">Vad g\u00f6r Jameson Black Barrel annorlunda?<\/span>\n            <span class=\"expandable-list-toggle\"><\/span>\n          <\/summary>\n          <section class=\"expandable-list-content\">\n            <p><span style=\"font-weight: 400;\">Black Barrel buteljeras vid en h\u00f6gre styrka \u00e4n v\u00e5ra andra whiskeys och framh\u00e4ver de h\u00f6gt \u00e4lskade egenskaperna hos Jameson Irish whiskey f\u00f6r en helt unik upplevelse f\u00f6r whiskey\u00e4lskare.\u00a0<\/span><\/p>\n\n          <\/section>\n        <\/details>\n                                <details>\n          <summary class=\"h5\">\n            <span class=\"expandable-list-heading\">Vilka drinkar kan man blanda med Jameson Black Barrel?<\/span>\n            <span class=\"expandable-list-toggle\"><\/span>\n          <\/summary>\n          <section class=\"expandable-list-content\">\n            <p><span style=\"font-weight: 400;\">Black Barrel \u00e4r perfekt f\u00f6r klassiska drinkar som en Old Fashioned eller en Whiskey Sour. Den lena s\u00f6tman g\u00e5r bra ihop med citrusbaserade drinkar och bitter. F\u00e5r vi f\u00f6resl\u00e5 att du kollar in v\u00e5ra b\u00e4sta <\/span><a href=\"\/sv-se\/cocktail-recipes\/collection\/drinks-with-black-barrel\/\"><span style=\"font-weight: 400;\">drinkar med Black Barrel<\/span><\/a><span style=\"font-weight: 400;\"> och b\u00f6rjar experimentera? Black Barrel smakar ocks\u00e5 utm\u00e4rkt p\u00e5 egen hand eller med isbitar!<\/span><\/p>\n\n          <\/section>\n        <\/details>\n            <\/div>\n<\/section>\n\n\n\n    \n<section id=\"block_4a77991bc8067bb4f6c9de4d03d749aa\" class=\"three-tiles full-width lazy\" data-assetkey=\"three-tiles\">\n    <div class=\"three-tiles--with-link three-tiles--no-navigation three-tiles--no-background\">\n        <div class=\"three-tiles__content\">\n            \n\n<div class=\"subheading three-tiles__subheading\">\n        <div>\n        <svg width=\"40px\" height=\"2px\" viewBox=\"0 0 40 2\" version=\"1.1\" aria-hidden=\"true\" xmlns=\"http:\/\/www.w3.org\/2000\/svg\" xmlns:xlink=\"http:\/\/www.w3.org\/1999\/xlink\">\n            <g stroke=\"none\" stroke-width=\"2\" fill=\"none\" fill-rule=\"evenodd\">\n                <g transform=\"translate(-20.000000, -916.000000)\" fill=\"#154734\">\n                    <g transform=\"translate(20.000000, 904.000000)\">\n                        <g>\n                            <rect x=\"0\" y=\"12\" width=\"40\" height=\"2\"><\/rect>\n                        <\/g>\n                    <\/g>\n                <\/g>\n            <\/g>\n        <\/svg>\n    <\/div>\n    \n    <span class=\"h6\">Drinkar<\/span>\n<\/div>\n            <h2 class=\"h2 three-tiles__heading three-tiles__heading--row1\">\n                <span class=\"three-tiles__heading--color1\">Jameson Black Barrel<\/span>                <br>\n            <\/h2>\n                            <h2 class=\"h2 three-tiles__heading\">\n                <span class=\"three-tiles__heading--color2\">Drinkrecept\u200b  <\/span>\n                <\/h2>\n            \n            \n            <div class=\"three-tiles__wrapper\">\n                                                                \n                <div\n                    class=\"swiper three-tiles__swiper\"\n                    id=\"three-tiles-block_4a77991bc8067bb4f6c9de4d03d749aa\"\n                    role=\"region\"\n                    aria-roledescription=\"carousel\"\n                    aria-labelledby=\"cid-three-tiles-block_4a77991bc8067bb4f6c9de4d03d749aa\"\n                    tabindex=\"-1\"\n                    data-module=\"three-tiles-swiper\"\n                >\n                    <span id=\"cid-three-tiles-block_4a77991bc8067bb4f6c9de4d03d749aa\" class=\"visually-hidden\">\n                        Jameson Black Barrel\n                    <\/span>\n\n                    <div class=\"swiper-wrapper\" aria-live=\"polite\">\n                                                                                                                                                                                                                                                                            <a\n                                href=\"\/sv-se\/cocktail-recipes\/old-fashioned\"\n                                class=\"swiper-slide three-tiles__slide three-tiles__slide--articles\"\n                                role=\"group\"\n                                aria-roledescription=\"slide\"\n                                aria-label=\"1 of 3\"\n                                \n                                 title=\"Black Barrel Old Fashioned\"\n                            >\n                                <div class=\"three-tiles__slide-content\">\n                                    <h3 class=\"h3\">\n                                        Old Fashioned\n                                    <\/h3>\n                                <\/div>\n                                <div class=\"three-tiles__slide-picture\">\n                                                                                                                                                                                                                                    OK\n                                <picture>\n                                    <source srcset=\"https:\/\/ik.imagekit.io\/cvygf2xse\/jamesonwhiskey\/wp-content\/uploads\/2022\/02\/1-1_4cdaf75c-7e7e-44b1-866d-fe7d28b5f9c6.jpg?tr=q-80,w-768 768w, https:\/\/ik.imagekit.io\/cvygf2xse\/jamesonwhiskey\/wp-content\/uploads\/2022\/02\/1-1_4cdaf75c-7e7e-44b1-866d-fe7d28b5f9c6.jpg?tr=q-80,w-500 500w, https:\/\/ik.imagekit.io\/cvygf2xse\/jamesonwhiskey\/wp-content\/uploads\/2022\/02\/1-1_4cdaf75c-7e7e-44b1-866d-fe7d28b5f9c6.jpg?tr=q-80,w-420 420w, https:\/\/ik.imagekit.io\/cvygf2xse\/jamesonwhiskey\/wp-content\/uploads\/2022\/02\/1-1_4cdaf75c-7e7e-44b1-866d-fe7d28b5f9c6.jpg?tr=q-80,w-400 400w, https:\/\/ik.imagekit.io\/cvygf2xse\/jamesonwhiskey\/wp-content\/uploads\/2022\/02\/1-1_4cdaf75c-7e7e-44b1-866d-fe7d28b5f9c6.jpg?tr=q-80,w-375 375w, https:\/\/ik.imagekit.io\/cvygf2xse\/jamesonwhiskey\/wp-content\/uploads\/2022\/02\/1-1_4cdaf75c-7e7e-44b1-866d-fe7d28b5f9c6.jpg?tr=q-80,w-360 360w, https:\/\/ik.imagekit.io\/cvygf2xse\/jamesonwhiskey\/wp-content\/uploads\/2022\/02\/1-1_4cdaf75c-7e7e-44b1-866d-fe7d28b5f9c6.jpg?tr=q-80,w-320 320w, https:\/\/ik.imagekit.io\/cvygf2xse\/jamesonwhiskey\/wp-content\/uploads\/2022\/02\/1-1_4cdaf75c-7e7e-44b1-866d-fe7d28b5f9c6.jpg?tr=q-80,w-300 300w, https:\/\/ik.imagekit.io\/cvygf2xse\/jamesonwhiskey\/wp-content\/uploads\/2022\/02\/1-1_4cdaf75c-7e7e-44b1-866d-fe7d28b5f9c6.jpg?tr=q-80,w-275 275w, https:\/\/ik.imagekit.io\/cvygf2xse\/jamesonwhiskey\/wp-content\/uploads\/2022\/02\/1-1_4cdaf75c-7e7e-44b1-866d-fe7d28b5f9c6.jpg?tr=q-80,w-200 200w, https:\/\/ik.imagekit.io\/cvygf2xse\/jamesonwhiskey\/wp-content\/uploads\/2022\/02\/1-1_4cdaf75c-7e7e-44b1-866d-fe7d28b5f9c6.jpg?tr=q-80,w-100 100w, \" sizes=\"(min-width: 1024px) 100vw, (min-width: 768px) 768px, (min-width: 414px) 500px, 250px\">\n                                    <img decoding=\"async\" loading=\"lazy\" src=\"https:\/\/ik.imagekit.io\/cvygf2xse\/jamesonwhiskey\/wp-content\/uploads\/2022\/02\/1-1_4cdaf75c-7e7e-44b1-866d-fe7d28b5f9c6.jpg?tr=q-80,w-800\" width=\"800\" height=\"800\" alt=\"\">\n                                <\/picture>\n                                \n                                <\/div>\n                            <\/a>\n                                                                                                                                                                                                                                                                            <a\n                                href=\"\/sv-se\/cocktail-recipes\/classic-whiskey-sour\"\n                                class=\"swiper-slide three-tiles__slide three-tiles__slide--articles\"\n                                role=\"group\"\n                                aria-roledescription=\"slide\"\n                                aria-label=\"2 of 3\"\n                                \n                                 title=\"Klassisk Whiskey Sour\"\n                            >\n                                <div class=\"three-tiles__slide-content\">\n                                    <h3 class=\"h3\">\n                                        Klassisk Whiskey Sour\n                                    <\/h3>\n                                <\/div>\n                                <div class=\"three-tiles__slide-picture\">\n                                                                                                                                                                                                                                    OK\n                                <picture>\n                                    <source srcset=\"https:\/\/ik.imagekit.io\/cvygf2xse\/jamesonwhiskey\/wp-content\/uploads\/2022\/02\/1-1_61b760c2-cedb-4e73-b43d-4b1135d2004c.jpg?tr=q-80,w-768 768w, https:\/\/ik.imagekit.io\/cvygf2xse\/jamesonwhiskey\/wp-content\/uploads\/2022\/02\/1-1_61b760c2-cedb-4e73-b43d-4b1135d2004c.jpg?tr=q-80,w-500 500w, https:\/\/ik.imagekit.io\/cvygf2xse\/jamesonwhiskey\/wp-content\/uploads\/2022\/02\/1-1_61b760c2-cedb-4e73-b43d-4b1135d2004c.jpg?tr=q-80,w-420 420w, https:\/\/ik.imagekit.io\/cvygf2xse\/jamesonwhiskey\/wp-content\/uploads\/2022\/02\/1-1_61b760c2-cedb-4e73-b43d-4b1135d2004c.jpg?tr=q-80,w-400 400w, https:\/\/ik.imagekit.io\/cvygf2xse\/jamesonwhiskey\/wp-content\/uploads\/2022\/02\/1-1_61b760c2-cedb-4e73-b43d-4b1135d2004c.jpg?tr=q-80,w-375 375w, https:\/\/ik.imagekit.io\/cvygf2xse\/jamesonwhiskey\/wp-content\/uploads\/2022\/02\/1-1_61b760c2-cedb-4e73-b43d-4b1135d2004c.jpg?tr=q-80,w-360 360w, https:\/\/ik.imagekit.io\/cvygf2xse\/jamesonwhiskey\/wp-content\/uploads\/2022\/02\/1-1_61b760c2-cedb-4e73-b43d-4b1135d2004c.jpg?tr=q-80,w-320 320w, https:\/\/ik.imagekit.io\/cvygf2xse\/jamesonwhiskey\/wp-content\/uploads\/2022\/02\/1-1_61b760c2-cedb-4e73-b43d-4b1135d2004c.jpg?tr=q-80,w-300 300w, https:\/\/ik.imagekit.io\/cvygf2xse\/jamesonwhiskey\/wp-content\/uploads\/2022\/02\/1-1_61b760c2-cedb-4e73-b43d-4b1135d2004c.jpg?tr=q-80,w-275 275w, https:\/\/ik.imagekit.io\/cvygf2xse\/jamesonwhiskey\/wp-content\/uploads\/2022\/02\/1-1_61b760c2-cedb-4e73-b43d-4b1135d2004c.jpg?tr=q-80,w-200 200w, https:\/\/ik.imagekit.io\/cvygf2xse\/jamesonwhiskey\/wp-content\/uploads\/2022\/02\/1-1_61b760c2-cedb-4e73-b43d-4b1135d2004c.jpg?tr=q-80,w-100 100w, \" sizes=\"(min-width: 1024px) 100vw, (min-width: 768px) 768px, (min-width: 414px) 500px, 250px\">\n                                    <img decoding=\"async\" loading=\"lazy\" src=\"https:\/\/ik.imagekit.io\/cvygf2xse\/jamesonwhiskey\/wp-content\/uploads\/2022\/02\/1-1_61b760c2-cedb-4e73-b43d-4b1135d2004c.jpg?tr=q-80,w-800\" width=\"800\" height=\"800\" alt=\"\">\n                                <\/picture>\n                                \n                                <\/div>\n                            <\/a>\n                                                                                                                                                                                                                                                                            <a\n                                href=\"\/sv-se\/cocktail-recipes\/the-mac-black\"\n                                class=\"swiper-slide three-tiles__slide three-tiles__slide--articles\"\n                                role=\"group\"\n                                aria-roledescription=\"slide\"\n                                aria-label=\"3 of 3\"\n                                \n                                 title=\"Mac Black\"\n                            >\n                                <div class=\"three-tiles__slide-content\">\n                                    <h3 class=\"h3\">\n                                        The Mac Black\n                                    <\/h3>\n                                <\/div>\n                                <div class=\"three-tiles__slide-picture\">\n                                                                                                                                                                                                                                    OK\n                                <picture>\n                                    <source srcset=\"https:\/\/ik.imagekit.io\/cvygf2xse\/jamesonwhiskey\/wp-content\/uploads\/2022\/02\/1-1_c7372d3c-9419-4660-89f8-e895008a25d0.jpg?tr=q-80,w-768 768w, https:\/\/ik.imagekit.io\/cvygf2xse\/jamesonwhiskey\/wp-content\/uploads\/2022\/02\/1-1_c7372d3c-9419-4660-89f8-e895008a25d0.jpg?tr=q-80,w-500 500w, https:\/\/ik.imagekit.io\/cvygf2xse\/jamesonwhiskey\/wp-content\/uploads\/2022\/02\/1-1_c7372d3c-9419-4660-89f8-e895008a25d0.jpg?tr=q-80,w-420 420w, https:\/\/ik.imagekit.io\/cvygf2xse\/jamesonwhiskey\/wp-content\/uploads\/2022\/02\/1-1_c7372d3c-9419-4660-89f8-e895008a25d0.jpg?tr=q-80,w-400 400w, https:\/\/ik.imagekit.io\/cvygf2xse\/jamesonwhiskey\/wp-content\/uploads\/2022\/02\/1-1_c7372d3c-9419-4660-89f8-e895008a25d0.jpg?tr=q-80,w-375 375w, https:\/\/ik.imagekit.io\/cvygf2xse\/jamesonwhiskey\/wp-content\/uploads\/2022\/02\/1-1_c7372d3c-9419-4660-89f8-e895008a25d0.jpg?tr=q-80,w-360 360w, https:\/\/ik.imagekit.io\/cvygf2xse\/jamesonwhiskey\/wp-content\/uploads\/2022\/02\/1-1_c7372d3c-9419-4660-89f8-e895008a25d0.jpg?tr=q-80,w-320 320w, https:\/\/ik.imagekit.io\/cvygf2xse\/jamesonwhiskey\/wp-content\/uploads\/2022\/02\/1-1_c7372d3c-9419-4660-89f8-e895008a25d0.jpg?tr=q-80,w-300 300w, https:\/\/ik.imagekit.io\/cvygf2xse\/jamesonwhiskey\/wp-content\/uploads\/2022\/02\/1-1_c7372d3c-9419-4660-89f8-e895008a25d0.jpg?tr=q-80,w-275 275w, https:\/\/ik.imagekit.io\/cvygf2xse\/jamesonwhiskey\/wp-content\/uploads\/2022\/02\/1-1_c7372d3c-9419-4660-89f8-e895008a25d0.jpg?tr=q-80,w-200 200w, https:\/\/ik.imagekit.io\/cvygf2xse\/jamesonwhiskey\/wp-content\/uploads\/2022\/02\/1-1_c7372d3c-9419-4660-89f8-e895008a25d0.jpg?tr=q-80,w-100 100w, \" sizes=\"(min-width: 1024px) 100vw, (min-width: 768px) 768px, (min-width: 414px) 500px, 250px\">\n                                    <img decoding=\"async\" loading=\"lazy\" src=\"https:\/\/ik.imagekit.io\/cvygf2xse\/jamesonwhiskey\/wp-content\/uploads\/2022\/02\/1-1_c7372d3c-9419-4660-89f8-e895008a25d0.jpg?tr=q-80,w-800\" width=\"800\" height=\"800\" alt=\"\">\n                                <\/picture>\n                                \n                                <\/div>\n                            <\/a>\n                                        <\/div>\n\n                \n                <p id=\"status-three-tiles-block_4a77991bc8067bb4f6c9de4d03d749aa\" role=\"status\" aria-live=\"polite\" class=\"visually-hidden\"><\/p>\n                <\/div>\n                                                            <div class=\"three-tiles__link\">\n                            <a href=\"\/sv-se\/cocktail-recipes\" class=\"btn--quaternary\"\n                               title=\"\" >Visa alla<\/a>\n                        <\/div>\n                                                <\/div>\n        <\/div>\n\n            <\/div>\n<\/section>\n","protected":false},"excerpt":{"rendered":"","protected":false},"author":19,"featured_media":565471,"parent":556743,"menu_order":13,"comment_status":"closed","ping_status":"closed","template":"","meta":{"_acf_changed":false,"_seopress_robots_primary_cat":"","_seopress_titles_title":"Jameson Black Barrel \u2013 Jameson Irish Whiskey","_seopress_titles_desc":"Jameson Black Barrel Irish Whiskey har en obeskrivlig fyllighet och komplexitet i varje droppe. Prova den p\u00e5 egen hand, med isbitar eller i en Old Fashioned.","_seopress_robots_index":"","inline_featured_image":false,"footnotes":""},"categories":[],"tags":[],"our-world-category":[],"class_list":["post-556405","page","type-page","status-publish","has-post-thumbnail","hentry"],"acf":[],"_links":{"self":[{"href":"https:\/\/www.jamesonwhiskey.com\/sv-se\/wp-json\/wp\/v2\/pages\/556405","targetHints":{"allow":["GET"]}}],"collection":[{"href":"https:\/\/www.jamesonwhiskey.com\/sv-se\/wp-json\/wp\/v2\/pages"}],"about":[{"href":"https:\/\/www.jamesonwhiskey.com\/sv-se\/wp-json\/wp\/v2\/types\/page"}],"author":[{"embeddable":true,"href":"https:\/\/www.jamesonwhiskey.com\/sv-se\/wp-json\/wp\/v2\/users\/19"}],"replies":[{"embeddable":true,"href":"https:\/\/www.jamesonwhiskey.com\/sv-se\/wp-json\/wp\/v2\/comments?post=556405"}],"version-history":[{"count":0,"href":"https:\/\/www.jamesonwhiskey.com\/sv-se\/wp-json\/wp\/v2\/pages\/556405\/revisions"}],"up":[{"embeddable":true,"href":"https:\/\/www.jamesonwhiskey.com\/sv-se\/wp-json\/wp\/v2\/pages\/556743"}],"wp:featuredmedia":[{"embeddable":true,"href":"https:\/\/www.jamesonwhiskey.com\/sv-se\/wp-json\/wp\/v2\/media\/565471"}],"wp:attachment":[{"href":"https:\/\/www.jamesonwhiskey.com\/sv-se\/wp-json\/wp\/v2\/media?parent=556405"}],"wp:term":[{"taxonomy":"category","embeddable":true,"href":"https:\/\/www.jamesonwhiskey.com\/sv-se\/wp-json\/wp\/v2\/categories?post=556405"},{"taxonomy":"post_tag","embeddable":true,"href":"https:\/\/www.jamesonwhiskey.com\/sv-se\/wp-json\/wp\/v2\/tags?post=556405"},{"taxonomy":"our-world-category","embeddable":true,"href":"https:\/\/www.jamesonwhiskey.com\/sv-se\/wp-json\/wp\/v2\/our-world-category?post=556405"}],"curies":[{"name":"wp","href":"https:\/\/api.w.org\/{rel}","templated":true}]}}