{"id":556585,"date":"2023-02-24T14:37:53","date_gmt":"2023-02-24T14:37:53","guid":{"rendered":"https:\/\/live-jameson.pantheonsite.io\/nutritional-information\/"},"modified":"2025-01-17T15:20:48","modified_gmt":"2025-01-17T15:20:48","slug":"nutritional-information","status":"publish","type":"page","link":"https:\/\/www.jamesonwhiskey.com\/sv-se\/nutritional-information\/","title":{"rendered":"N\u00e4ringsv\u00e4rden"},"content":{"rendered":"\n<section id=\"block_2a356bcb6dea64708b6d49b0057c39b6\" class=\"hero hero-no-image hero-no-image__no-breadcrumb-spacer lazy\" data-assetkey=\"hero-no-image\">\n  <div class=\"hero-no-image__container hero-no-image__container-fullwidth\">\n    <div class=\"hero-no-image__container-content\">\n      \n      <h1 class=\"h1\">Jameson n\u00e4ringsv\u00e4rden och information<\/h1>\n    <\/div>\n  <\/div>\n<\/section>\n\n\n\n<section id=\"block_583e61ddf598c60933d36a6f8756a763\"\n         class=\"content-one-column content-one-column--bg-light full-width lazy\n        \n        \n        \" data-assetkey=\"content-one-column\">\n    <div class=\"content-one-column__content\">\n        \n                <div class=\"content-one-column__heading\">\n                            <h2 class=\"h1\"><\/h2>\n                    <\/div>\n\n        \n                                                            <div class=\"content-one-column__text wysiwyg align_center_on_desktop\">\n                    <p>L\u00e4s mer p\u00e5\u00a0<a href=\"http:\/\/www.wise-drinking.com\/\" target=\"_blank\" rel=\"noopener\">www.wise-drinking.com<\/a><\/p>\n\n                <\/div>\n                        <\/div>\n\n    <\/section>\n\n\n\n<div class=\"wp-block-idl-blocks-idl-section\"><section class=\"idl-section\" style=\"padding:20px 5px\"><div class=\"idl-section-inner\" style=\"max-width:1200px\">\n<div class=\"wp-block-idl-blocks-idl-title idl-block-title\"><H2 class=\"block-title\">JAMESON ORIGINAL<\/H2><\/div>\n\n\n\n<p>Klicka <a href=\"https:\/\/e-label.pernod-ricard.com\/L002YV\" target=\"_blank\" rel=\"noopener\">h\u00e4r<\/a> f\u00f6r produktinformation.<\/p>\n\n\n\n<figure class=\"wp-block-image size-full is-resized\"><img loading=\"lazy\" decoding=\"async\" width=\"200\" height=\"200\" src=\"https:\/\/www.jamesonwhiskey.com\/wp-content\/uploads\/2024\/08\/pregnancy-logo.jpeg\" alt=\"\" class=\"wp-image-2833042\" style=\"width:103px;height:auto\" srcset=\"https:\/\/www.jamesonwhiskey.com\/wp-content\/uploads\/2024\/08\/pregnancy-logo.jpeg 200w, https:\/\/www.jamesonwhiskey.com\/wp-content\/uploads\/2024\/08\/pregnancy-logo-150x150.jpeg 150w, https:\/\/www.jamesonwhiskey.com\/wp-content\/uploads\/2024\/08\/pregnancy-logo-100x100.jpeg 100w, https:\/\/www.jamesonwhiskey.com\/wp-content\/uploads\/2024\/08\/pregnancy-logo-195x195.jpeg 195w\" sizes=\"(max-width: 200px) 100vw, 200px\" \/><\/figure>\n<\/div><\/section><\/div>\n\n\n\n<div class=\"wp-block-idl-blocks-idl-section\"><section class=\"idl-section\" style=\"padding:20px 5px\"><div class=\"idl-section-inner\" style=\"max-width:1200px\">\n<div class=\"wp-block-idl-blocks-idl-title idl-block-title\"><H2 class=\"block-title\">JAMESON BLACK BARREL<\/H2><\/div>\n\n\n\n<p>Klicka <a href=\"https:\/\/e-label.pernod-ricard.com\/L003C2\" target=\"_blank\" rel=\"noreferrer noopener\">h\u00e4r<\/a> f\u00f6r produktinformation.<\/p>\n\n\n\n<figure class=\"wp-block-image size-full is-resized\"><img loading=\"lazy\" decoding=\"async\" width=\"200\" height=\"200\" src=\"https:\/\/www.jamesonwhiskey.com\/wp-content\/uploads\/2024\/08\/pregnancy-logo.jpeg\" alt=\"\" class=\"wp-image-2833042\" style=\"width:103px;height:auto\" srcset=\"https:\/\/www.jamesonwhiskey.com\/wp-content\/uploads\/2024\/08\/pregnancy-logo.jpeg 200w, https:\/\/www.jamesonwhiskey.com\/wp-content\/uploads\/2024\/08\/pregnancy-logo-150x150.jpeg 150w, https:\/\/www.jamesonwhiskey.com\/wp-content\/uploads\/2024\/08\/pregnancy-logo-100x100.jpeg 100w, https:\/\/www.jamesonwhiskey.com\/wp-content\/uploads\/2024\/08\/pregnancy-logo-195x195.jpeg 195w\" sizes=\"(max-width: 200px) 100vw, 200px\" \/><\/figure>\n<\/div><\/section><\/div>\n","protected":false},"excerpt":{"rendered":"","protected":false},"author":29,"featured_media":0,"parent":0,"menu_order":18,"comment_status":"closed","ping_status":"closed","template":"","meta":{"_acf_changed":false,"_seopress_robots_primary_cat":"","_seopress_titles_title":"Jameson n\u00e4ringsv\u00e4rden | Jameson Irish Whiskey","_seopress_titles_desc":"\u00c4r du nyfiken p\u00e5 antal kalorier och n\u00e4ringsv\u00e4rden f\u00f6r Jameson Irish Whiskey? H\u00e4r hittar du alla s\u00e5dana uppgifter.","_seopress_robots_index":"","inline_featured_image":false,"footnotes":""},"categories":[],"tags":[],"our-world-category":[],"class_list":["post-556585","page","type-page","status-publish","hentry"],"acf":[],"_links":{"self":[{"href":"https:\/\/www.jamesonwhiskey.com\/sv-se\/wp-json\/wp\/v2\/pages\/556585","targetHints":{"allow":["GET"]}}],"collection":[{"href":"https:\/\/www.jamesonwhiskey.com\/sv-se\/wp-json\/wp\/v2\/pages"}],"about":[{"href":"https:\/\/www.jamesonwhiskey.com\/sv-se\/wp-json\/wp\/v2\/types\/page"}],"author":[{"embeddable":true,"href":"https:\/\/www.jamesonwhiskey.com\/sv-se\/wp-json\/wp\/v2\/users\/29"}],"replies":[{"embeddable":true,"href":"https:\/\/www.jamesonwhiskey.com\/sv-se\/wp-json\/wp\/v2\/comments?post=556585"}],"version-history":[{"count":0,"href":"https:\/\/www.jamesonwhiskey.com\/sv-se\/wp-json\/wp\/v2\/pages\/556585\/revisions"}],"wp:attachment":[{"href":"https:\/\/www.jamesonwhiskey.com\/sv-se\/wp-json\/wp\/v2\/media?parent=556585"}],"wp:term":[{"taxonomy":"category","embeddable":true,"href":"https:\/\/www.jamesonwhiskey.com\/sv-se\/wp-json\/wp\/v2\/categories?post=556585"},{"taxonomy":"post_tag","embeddable":true,"href":"https:\/\/www.jamesonwhiskey.com\/sv-se\/wp-json\/wp\/v2\/tags?post=556585"},{"taxonomy":"our-world-category","embeddable":true,"href":"https:\/\/www.jamesonwhiskey.com\/sv-se\/wp-json\/wp\/v2\/our-world-category?post=556585"}],"curies":[{"name":"wp","href":"https:\/\/api.w.org\/{rel}","templated":true}]}}