{"id":556928,"date":"2021-09-02T10:58:42","date_gmt":"2021-09-02T10:58:42","guid":{"rendered":"https:\/\/live-jameson.pantheonsite.io\/enjoy-responsibly\/"},"modified":"2021-09-02T10:58:42","modified_gmt":"2021-09-02T10:58:42","slug":"enjoy-responsibly","status":"publish","type":"page","link":"https:\/\/www.jamesonwhiskey.com\/sv-se\/enjoy-responsibly\/","title":{"rendered":"Njut ansvarsfullt"},"content":{"rendered":"\n<section id=\"block_e58aab3414a009c12c66991eec5b9a11\" class=\"hero hero-no-image hero-no-image__no-breadcrumb-spacer lazy\" data-assetkey=\"hero-no-image\">\n  <div class=\"hero-no-image__container hero-no-image__container-fullwidth\">\n    <div class=\"hero-no-image__container-content\">\n      \n      <h1 class=\"h1\">Njut ansvarsfullt<\/h1>\n    <\/div>\n  <\/div>\n<\/section>\n\n\n\n<section id=\"block_6bcf7879a724ae53b203ece03a421a31\"\n         class=\"content-one-column content-one-column--bg-light full-width lazy\n        \n        \n        \" data-assetkey=\"content-one-column\">\n    <div class=\"content-one-column__content\">\n        \n                <div class=\"content-one-column__heading\">\n                            <h2 class=\"h1\"><\/h2>\n                    <\/div>\n\n        \n                                                            <div class=\"content-one-column__text wysiwyg align_center_on_desktop\">\n                    <p>DETTA \u00c4R DEN OFFENTLIGA WEBBPLATSEN F\u00d6R JAMESON IRISH WHISKEY, D\u00c4R DU KAN L\u00c4RA DIG OM V\u00c5R GRUNDARE JOHN JAMESON, V\u00c5RA DRINKRECEPT OCH HUR V\u00c4RLDENS B\u00c4STA IRL\u00c4NDSKA WHISKEY TILLVERKAS. VI P\u00c5 IRISH DISTILLERS PERNOD RICARD VILL SKYDDA JOHN JAMESONS ARV GENOM ATT BE DIG L\u00c4SA OCH RESPEKTERA F\u00d6LJANDE RIKTLINJER.<\/p>\n\n                <\/div>\n                                                                <div class=\"content-one-column__text wysiwyg align_center_on_desktop\">\n                    <ul>\n<li><a href=\"http:\/\/pernod-ricard.com\/\" target=\"_blank\" rel=\"noopener\">Pernod Ricard<\/a><\/li>\n<li><a href=\"http:\/\/drinkaware.ie\/\" target=\"_blank\" rel=\"noopener\">Drinkaware.ie<\/a><\/li>\n<li><a href=\"http:\/\/acceptresponsibility.org\/\" target=\"_blank\" rel=\"noopener\">Accept Responsibility<\/a><\/li>\n<li><a href=\"http:\/\/www.responsibledrinking.eu\/\" target=\"_blank\" rel=\"noopener\">responsibledrinking.eu<\/a><\/li>\n<li><a href=\"http:\/\/www.responsibility.org\/\" target=\"_blank\" rel=\"noopener\">responsibility.org<\/a><\/li>\n<li><a href=\"http:\/\/www.acceptresponsibility.org.uk\/\" target=\"_blank\" rel=\"noopener\">acceptresponsibility.org.uk<\/a><\/li>\n<\/ul>\n\n                <\/div>\n                                                                <div class=\"content-one-column__text wysiwyg align_center_on_desktop\">\n                    <p>Irish Distillers Pernod Ricard (<a href=\"http:\/\/www.irishdistillers.ie\/\">www.irishdistillers.ie<\/a>), den stolta \u00e4garen av Jameson Irish Whiskey, ger sitt fulla st\u00f6d f\u00f6r regler avseende marknadsf\u00f6ring, f\u00f6rs\u00e4ljning, annonsering och sponsring av alkoholhaltiga produkter. V\u00e5rt engagemang f\u00f6r dessa regler s\u00e4kerst\u00e4ller att alla v\u00e5ra aktiviteter genomf\u00f6rs f\u00f6r att fr\u00e4mja en ansvarsfull konsumtion av v\u00e5ra produkter till en vuxen publik.<\/p>\n<p>Som en ledande leverant\u00f6r av premium sprit, champagne och viner, har vi en viktig uppgift f\u00f6r att marknadsf\u00f6ra v\u00e5ra produkter p\u00e5 ett ansvarsfullt s\u00e4tt till kunder och konsumenter. Vi str\u00e4var efter att alltid agera p\u00e5 ett s\u00e4tt som visar att vi f\u00f6rtj\u00e4nar v\u00e5ra intressenters tillit och uppskattning, oavsett vem eller var de \u00e4r.<\/p>\n<p>Vad det g\u00e4ller sociala media \u00e4lskar vi att h\u00f6ra fr\u00e5n alla. Men som en del av v\u00e5rt engagemang f\u00f6r att fr\u00e4mja ansvarsfullt drickande hoppas vi att du f\u00f6rst\u00e5r att vi f\u00f6rv\u00e4ntar oss att gemenskapen inte kommer att skicka kommentarer, foton, videor eller annan typ av inneh\u00e5ll som:<\/p>\n\n                <\/div>\n                                                                <div class=\"content-one-column__text wysiwyg align_center_on_desktop\">\n                    <ul>\n<li>Inneh\u00e5ller personer som \u00e4r yngre \u00e4n den lagliga \u00e5ldern f\u00f6r att dricka alkohol eller de som verkar vara under den lagliga \u00e5ldern f\u00f6r att dricka alkohol.<\/li>\n<li>Skapas av n\u00e5gon som \u00e4r yngre \u00e4n den lagliga \u00e5ldern f\u00f6r att dricka alkohol.<\/li>\n<li>Uppmuntrar till ink\u00f6p eller drickande av alkoholhaltiga drycker och\/eller oansvarigt eller omodererat drickande.<\/li>\n<li>Uppmuntrar n\u00e5gon form av ol\u00e4mpligt eller v\u00e5ldsamt beteende.<\/li>\n<\/ul>\n<p>Om flera inl\u00e4gg som strider mot n\u00e5got av ovanst\u00e5ende kriterier publiceras kommer vi att tvingas blockera eventuella tillh\u00f6rande konton. P\u00e5 ett s\u00e4tt var vi sj\u00e4lva blockerade under F\u00f6rbudstiden. Med det i \u00e5tanke vet vi hur det k\u00e4nns och det \u00e4r inte trevligt.<\/p>\n<p>Med v\u00e4nlig h\u00e4lsning<\/p>\n<p>Jameson Whiskey Team.<\/p>\n\n                <\/div>\n                        <\/div>\n\n    <\/section>\n","protected":false},"excerpt":{"rendered":"","protected":false},"author":29,"featured_media":0,"parent":0,"menu_order":6,"comment_status":"closed","ping_status":"closed","template":"","meta":{"_acf_changed":false,"_seopress_robots_primary_cat":"","_seopress_titles_title":"","_seopress_titles_desc":"Jameson is committed to the responsible marketing, sales, advertising &amp; sponsorship of alcohol products. Read more here.","_seopress_robots_index":"","inline_featured_image":false,"footnotes":""},"categories":[],"tags":[],"our-world-category":[],"class_list":["post-556928","page","type-page","status-publish","hentry"],"acf":[],"_links":{"self":[{"href":"https:\/\/www.jamesonwhiskey.com\/sv-se\/wp-json\/wp\/v2\/pages\/556928","targetHints":{"allow":["GET"]}}],"collection":[{"href":"https:\/\/www.jamesonwhiskey.com\/sv-se\/wp-json\/wp\/v2\/pages"}],"about":[{"href":"https:\/\/www.jamesonwhiskey.com\/sv-se\/wp-json\/wp\/v2\/types\/page"}],"author":[{"embeddable":true,"href":"https:\/\/www.jamesonwhiskey.com\/sv-se\/wp-json\/wp\/v2\/users\/29"}],"replies":[{"embeddable":true,"href":"https:\/\/www.jamesonwhiskey.com\/sv-se\/wp-json\/wp\/v2\/comments?post=556928"}],"version-history":[{"count":0,"href":"https:\/\/www.jamesonwhiskey.com\/sv-se\/wp-json\/wp\/v2\/pages\/556928\/revisions"}],"wp:attachment":[{"href":"https:\/\/www.jamesonwhiskey.com\/sv-se\/wp-json\/wp\/v2\/media?parent=556928"}],"wp:term":[{"taxonomy":"category","embeddable":true,"href":"https:\/\/www.jamesonwhiskey.com\/sv-se\/wp-json\/wp\/v2\/categories?post=556928"},{"taxonomy":"post_tag","embeddable":true,"href":"https:\/\/www.jamesonwhiskey.com\/sv-se\/wp-json\/wp\/v2\/tags?post=556928"},{"taxonomy":"our-world-category","embeddable":true,"href":"https:\/\/www.jamesonwhiskey.com\/sv-se\/wp-json\/wp\/v2\/our-world-category?post=556928"}],"curies":[{"name":"wp","href":"https:\/\/api.w.org\/{rel}","templated":true}]}}